{"id":613,"date":"2021-04-14T16:19:37","date_gmt":"2021-04-14T14:19:37","guid":{"rendered":"https:\/\/pablrdev.se\/alvesta\/vara-tjanster\/radgivning\/agarskifte-copy\/"},"modified":"2024-06-12T10:18:51","modified_gmt":"2024-06-12T08:18:51","slug":"affarsplaner","status":"publish","type":"page","link":"https:\/\/pablrdev.se\/alvesta\/vara-tjanster\/radgivning\/affarsplaner\/","title":{"rendered":"Aff\u00e4rsplaner"},"content":{"rendered":"\n<div class=\"wp-block-columns is-layout-flex wp-container-core-columns-is-layout-9d6595d7 wp-block-columns-is-layout-flex\">\n<div class=\"wp-block-column is-layout-flow wp-block-column-is-layout-flow\" style=\"flex-basis:66.66%\"><div id=\"template-posts-block_605aef5373d9d\" class=\"acf-block template-posts\">\n    <div class=\"block__content\">\n        <!-- wp:paragraph {\"className\":\"is-style-thinn\"} -->\n<p class=\"is-style-thinn\">F\u00e5 hj\u00e4lp med Aff\u00e4rsplaner i Alvesta:<\/p>\n<!-- \/wp:paragraph -->\n\n<!-- wp:heading {\"level\":1} -->\n<h1 class=\"title title--primary\"><strong><strong><strong><strong><strong><strong>Vassa finansieringsunderlag m m<\/strong><\/strong><\/strong><\/strong><\/strong><\/strong><\/h1>\n<!-- \/wp:heading -->\n\n<!-- wp:paragraph -->\n<p>Att kunna beskriva din aff\u00e4rsid\u00e9 och kraften i den p\u00e5 ett bra s\u00e4tt kan utg\u00f6ra skillnaden mellan framg\u00e5ng eller fruktl\u00f6shet.&nbsp;Vi hj\u00e4lper dig ta fram en aff\u00e4rsplan som hj\u00e4lper dig att driva f\u00f6retaget mot m\u00e5len samt vid exempelvis bankfinansiering.<\/p>\n<!-- \/wp:paragraph -->\n\n<!-- wp:paragraph -->\n<p>En aff\u00e4rsplan vid start av f\u00f6retaget \u00e4r sj\u00e4lvklart, men det \u00e4r ett lika viktigt aff\u00e4rsredskap l\u00f6pande under f\u00f6retagandet. Aff\u00e4rsplanen ligger till grund f\u00f6r ekonomistyrningen. F\u00f6r mindre och nystartade f\u00f6retag kan det ofta handla om att skapa f\u00f6ruts\u00e4ttningar f\u00f6r att f\u00e5 bankl\u00e5n. F\u00f6r st\u00f6rre kan det vara ett s\u00e4tt att j\u00e4mf\u00f6ra f\u00f6rdelarna med att investera med eget kapital eller l\u00e5nat. Det \u00e4r ocks\u00e5 ett viktigt redskap f\u00f6r personalen s\u00e5 att alla vet vilka m\u00e5l det \u00e4r man jobbar mot.<\/p>\n<!-- \/wp:paragraph -->\n\n<!-- wp:paragraph -->\n<p>Vi hj\u00e4lper dig bland annat formulera din vision och grundl\u00e4ggande id\u00e9. Vad \u00e4r f\u00f6retagets speciella kompetens, och hur kan det bidra till att l\u00f6sa kundernas problem? Vi hj\u00e4lper dig formulera realistiska tillv\u00e4xtstrategier f\u00f6r att simulera den ekonomiska utvecklingen. Vad blir effekterna i olika scenarier?&nbsp;<\/p>\n<!-- \/wp:paragraph -->\n\n<!-- wp:paragraph -->\n<p>Andra effektiva underlag vi kan hj\u00e4lpa dig ta fram \u00e4r\u00a0kalkyler och budget\u00a0och\u00a0konkurrentanalyser.\u00a0<\/p>\n<!-- \/wp:paragraph -->\n\n<!-- wp:paragraph -->\n<p>    <a href=\"https:\/\/pablrdev.se\/alvesta\/kontakt\" class='inline-block my-2'>Kontakta oss s\u00e5 hj\u00e4lper vi dig vidare!<\/a>\n<\/p>\n<!-- \/wp:paragraph -->    <\/div>\n<\/div>\n\n\n\n<p><\/p>\n<\/div>\n\n\n\n<div class=\"wp-block-column is-layout-flow wp-block-column-is-layout-flow\" style=\"flex-basis:33.33%\"><div id=\"template-posts-block_605de6795dca9\" class=\"acf-block template-posts\">\n    <div class=\"block__content\">\n        <!-- wp:group {\"backgroundColor\":\"blue\",\"textColor\":\"white\"} -->\n<div class=\"wp-block-group has-white-color has-blue-background-color has-text-color has-background\"><div class=\"wp-block-group__inner-container\"><!-- wp:paragraph -->\n<p><strong><strong><strong>Med oss p\u00e5 Alvesta Revisionsbyr\u00e5 i Alvesta f\u00e5r du:<\/strong><\/strong><\/strong><\/p>\n<!-- \/wp:paragraph -->\n\n<!-- wp:list -->\n<ul class=\"list list--default\"><li>R\u00e4tt fr\u00e5gor st\u00e4llda f\u00f6r att n\u00e5 m\u00e5let<\/li><li>En riktigt proffsig aff\u00e4rsplan<\/li><li>Vassa, l\u00f6nsamma aff\u00e4rsverktyg<\/li><li>Personlig kontakt<\/li><\/ul>\n<!-- \/wp:list --><\/div><\/div>\n<!-- \/wp:group -->\n\n<!-- wp:paragraph -->\n<p><\/p>\n<!-- \/wp:paragraph -->    <\/div>\n<\/div>\n<\/div>\n<\/div>\n\n\n<div id=\"template-posts-block_6076f2e79a352\" class=\"acf-block template-posts\">\n    <div class=\"block__content\">\n        <!-- wp:media-text {\"mediaPosition\":\"right\",\"mediaId\":788,\"mediaLink\":\"https:\/\/pablrdev.se\/business-executives-consulting-negotiation-meeting-in-office\/\",\"mediaType\":\"image\",\"mediaWidth\":27,\"backgroundColor\":\"light-grey\"} -->\n<div class=\"wp-block-media-text has-media-on-the-right is-stacked-on-mobile has-light-grey-background-color has-background\" style=\"grid-template-columns:auto 27%\"><figure class=\"wp-block-media-text__media\"><img decoding=\"async\" src=\"https:\/\/pablrdev.se\/app\/uploads\/2021\/03\/istock-1127489700-850x560.jpg\" alt=\"\" class=\"wp-image-788 size-full\" \/><\/figure><div class=\"wp-block-media-text__content\"><!-- wp:heading -->\n<h2 class=\"title title--primary\"><strong>Kompetenta redovisningskonsulter: en kvalitetsgaranti<\/strong><\/h2>\n<!-- \/wp:heading -->\n\n<!-- wp:paragraph -->\n<p>V\u00e5ra redovisningskonsulter har erfarenhet och h\u00f6g kompetens och f\u00f6ljer alltid de branschstandarder som \u00e4r uppst\u00e4llda f\u00f6r auktoriserade konsulter. Det ger en trygghet i att f\u00e5 uppdaterad hj\u00e4lp enligt effektiva, kvalitetss\u00e4krade rutiner och g\u00e4llande lagar och regelverk.<\/p>\n<!-- \/wp:paragraph -->\n\n<!-- wp:paragraph -->\n<p>Auktorisation via SRF eller FAR \u00e4r ytterligare en bekr\u00e4ftelse p\u00e5 konsultens erfarenhet och kompetens, och hos oss i Alvesta&nbsp;\u00e4r flera av v\u00e5ra konsulter auktoriserade.<\/p>\n<!-- \/wp:paragraph --><\/div><\/div>\n<!-- \/wp:media-text -->\n\n<!-- wp:paragraph -->\n<p><\/p>\n<!-- \/wp:paragraph -->    <\/div>\n<\/div>\n\n\n<div id=\"block-cards-block_604f6cdccdd16\" class=\"acf-block spacing-block block-cards end-equalizer spacing-block-reset-top\">\n    <div class=\"block__content xl:grid xl:grid-cols-2 md:full-width\">\n                    <div class=\"card-even-odd\">\n                <div class=\"card card--primary card--blocks card--max-width items-start py-20\">\n    <div class=\"card__content w-full\">\n        <div class=\"typography mb-6\">\n            <h2 class=\"title title--neutral\">Kontakta oss<\/h2>\n        <\/div>\n        <div class=\"form\">\n    <div class=\"form__alerts mt-0 left-0 w-full z-10\">\n            <div class=\"alert alert--danger alert--inactive\" role=\"alert\">\n                    <i class=\"far fa-times\" title=\"Ett fel uppstod\"><\/i>\n        Meddelandet har inte skickats. V\u00e4nligen kontrollera f\u00e4lten.    <\/div>\n        <div class=\"alert alert--success alert--inactive\" role=\"alert\">\n                    <i class=\"far fa-check\" title=\"Succ\u00e9\"><\/i>\n        Meddelandet har skickats.    <\/div>\n        <\/div>\n    <form id=\"contact-form-block_604f6cdccdd16-1\" class=\"form contact-form mt-6\" class=\"w-full\" method=\"POST\">\n        <div class=\"form__row\">\n            <label class=\"sr-only\" for=\"name\">Namn<\/label>\n            <input class=\"form__cell--full\" type=\"text\" name=\"name\" id=\"name\" placeholder=\"Namn\" required>\n        <\/div>\n        <div class=\"form__row\">\n            <label class=\"sr-only\" for=\"email\">E-post<\/label>\n            <input class=\"form__cell--full\" type=\"email\" name=\"email\" id=\"email\" placeholder=\"E-post\" required>\n        <\/div>\n        <div class=\"form__row\">\n            <label class=\"sr-only\" for=\"message\">Meddelande<\/label>\n            <textarea class=\"form__cell--full\" type=\"text\" name=\"message\" id=\"message\" placeholder=\"Meddelande\" required><\/textarea>\n        <\/div>\n        <footer class=\"form-footer mt-6\">\n            <!-- GDPR -->\n<div class=\"form__row form__row--no-wrap\">\n    <input type=\"checkbox\" name=\"gdpr_consent\" id=\"nobox_gdpr_consent\" required>\n    <label for=\"nobox_gdpr_consent\">\n        Vi behandlar dina personuppgifter enligt v\u00e5r integritetspolicy. L\u00e4s v\u00e5r policy <a class='link link--neutral' href='https:\/\/pablrdev.se\/alvesta\/integritetspolicy\/' target='_blank' rel='noreferrer noopener'>h\u00e4r<\/a>.    <\/label>\n<\/div>\n            <input type=\"hidden\" id=\"_wpnonce\" name=\"_wpnonce\" value=\"9188b79d65\" \/><input type=\"hidden\" name=\"_wp_http_referer\" value=\"\/alvesta\/wp-json\/wp\/v2\/pages\/613\" \/>            <input id=\"url\" name=\"url\" type=\"hidden\" value=\"https:\/\/pablrdev.se\/alvesta\" \/>\n            <input class=\"button button--neutral uppercase disabled\" type=\"submit\" value=\"Skicka\">\n        <\/footer>\n    <\/form>\n<\/div>\n<script async defer src=\"https:\/\/www.google.com\/recaptcha\/api.js?render=6Lc_ebUbAAAAAMEhwTnEP_dIem2bCSszXJdcRQei\"><\/script>\n    <\/div>\n<\/div>\n            <\/div>\n                    <div class=\"card-even-odd\">\n                <div class=\"block-cards__img\">\n        <picture>\n                    <source media=\"(min-width: 1200px)\" srcset=\"https:\/\/pablrdev.se\/app\/uploads\/2021\/03\/istock-1132448417-1500x650.jpg\">\n                    <source media=\"(max-width: 500px)\" srcset=\"https:\/\/pablrdev.se\/app\/uploads\/2021\/03\/istock-1132448417-500x300.jpg\">\n                <img decoding=\"async\" class=\"w-full h-full object-cover\" src=\"https:\/\/pablrdev.se\/app\/uploads\/2021\/03\/istock-1132448417-1500x650.jpg\" alt=\"\" loading=\"lazy\">\n    <\/picture>\n<\/div>\n            <\/div>\n            <\/div>\n<\/div>\n","protected":false},"excerpt":{"rendered":"","protected":false},"author":1,"featured_media":1876,"parent":567,"menu_order":0,"comment_status":"closed","ping_status":"closed","template":"","meta":{"inline_featured_image":false,"footnotes":""},"page-category":[9],"class_list":["post-613","page","type-page","status-publish","has-post-thumbnail","hentry","page-category-radgivning"],"acf":[],"publishpress_future_action":{"enabled":false,"date":"2026-05-20 13:23:19","action":"change-status","newStatus":"draft","terms":[],"taxonomy":"page-category","extraData":[]},"publishpress_future_workflow_manual_trigger":{"enabledWorkflows":[]},"_links":{"self":[{"href":"https:\/\/pablrdev.se\/alvesta\/wp-json\/wp\/v2\/pages\/613","targetHints":{"allow":["GET"]}}],"collection":[{"href":"https:\/\/pablrdev.se\/alvesta\/wp-json\/wp\/v2\/pages"}],"about":[{"href":"https:\/\/pablrdev.se\/alvesta\/wp-json\/wp\/v2\/types\/page"}],"author":[{"embeddable":true,"href":"https:\/\/pablrdev.se\/alvesta\/wp-json\/wp\/v2\/users\/1"}],"replies":[{"embeddable":true,"href":"https:\/\/pablrdev.se\/alvesta\/wp-json\/wp\/v2\/comments?post=613"}],"version-history":[{"count":2,"href":"https:\/\/pablrdev.se\/alvesta\/wp-json\/wp\/v2\/pages\/613\/revisions"}],"predecessor-version":[{"id":1889,"href":"https:\/\/pablrdev.se\/alvesta\/wp-json\/wp\/v2\/pages\/613\/revisions\/1889"}],"up":[{"embeddable":true,"href":"https:\/\/pablrdev.se\/alvesta\/wp-json\/wp\/v2\/pages\/567"}],"wp:featuredmedia":[{"embeddable":true,"href":"https:\/\/pablrdev.se\/alvesta\/wp-json\/wp\/v2\/media\/1876"}],"wp:attachment":[{"href":"https:\/\/pablrdev.se\/alvesta\/wp-json\/wp\/v2\/media?parent=613"}],"wp:term":[{"taxonomy":"page-category","embeddable":true,"href":"https:\/\/pablrdev.se\/alvesta\/wp-json\/wp\/v2\/page-category?post=613"}],"curies":[{"name":"wp","href":"https:\/\/api.w.org\/{rel}","templated":true}]}}