{"id":30,"date":"2021-03-05T16:10:54","date_gmt":"2021-03-05T15:10:54","guid":{"rendered":"https:\/\/pablrdev.se\/gavle\/?page_id=30"},"modified":"2025-05-12T11:12:06","modified_gmt":"2025-05-12T09:12:06","slug":"kontakt","status":"publish","type":"page","link":"https:\/\/pablrdev.se\/gavle\/kontakt\/","title":{"rendered":"Kontakt"},"content":{"rendered":"<div id=\"template-posts-block_60b6300903ce8\" class=\"acf-block template-posts\">\n    <div class=\"block__content\">\n        <!-- wp:heading {\"textAlign\":\"center\"} -->\n<h2 class=\"title title--primary has-text-align-center\">Du har alltid n\u00e4ra till r\u00e5den du beh\u00f6ver i G\u00e4vle<\/h2>\n<!-- \/wp:heading -->    <\/div>\n<\/div>\n\n\n<div id=\"employees-block_604249044ea11\" class=\"acf-block spacing-block employees\">\n    <div class=\"block__content\">\n                <div class=\"space-y-6 sm:space-y-0 item-grid item-grid--secondary\">\n            \n<div class=\"card card--primary card--vertical card--contact hover:shadow-md transition-all duration-500 border-t-8 border-primary max-w-md mx-auto \">\n        <header class=\"card__image card--vertical__image card--contact__image overflow-hidden\">\n        <img loading=\"lazy\" decoding=\"async\" width=\"351\" height=\"420\" src=\"https:\/\/pablrdev.se\/app\/uploads\/sites\/61\/2024\/10\/lr-revision-foto-2-nyanstalld-original-scaled.jpeg\" class=\"h-full w-full object-contain\" alt=\"\" \/>    <\/header>\n        <div class=\"card__content card--secondary card--vertical__content card--contact__content\">\n        <div class=\"card__body\">\n                            <h2 class=\"card__title title title--primary text-xl my-0\">Mats Bertilsson<\/h2>\n                                            <div class=\"flex flex-col mb-3\">\n                                                    <div class=\"card__work-title font-bold text-sm leading-5\">Auktoriserad redovisningskonsult<\/div>\n                                                    <div class=\"card__work-title font-bold text-sm leading-5\">Kontorschef<\/div>\n                                            <\/div>\n                                                        <div class=\"phone flex items-start mb-1\">\n                    <i class=\"fas fa-phone-alt mr-4 mt-1\" style=\"width:1.1rem; height: 1.1rem;\"><\/i>\n                                            <div class=\"flex flex-col\">\n                                                            <a class=\"phone link leading-6\" href=\"tel:0703986869\">\n                                    070-398 68 69                                <\/a>\n                                                    <\/div>\n                                    <\/div>\n                                        <div class=\"card__email card--vertical__email card--contact__email flex justify-start items-center mb-1\">\n                    <i class=\"fas fa-envelope mr-4\" style=\"width:1.1rem; height: 1.1rem;\"><\/i>\n                    <a class=\"link link--default link--no-padding\" href=\"mailto:m&#097;&#116;&#x73;&#x2e;be&#114;&#116;&#x69;&#x6c;ss&#111;&#110;&#x40;&#x70;ab&#108;&#x72;&#x64;&#x65;v&#046;&#115;&#x65;\">\n                        m&#097;&#116;&#x73;&#x2e;be&#114;&#116;&#x69;&#x6c;ss&#111;&#110;&#x40;&#x70;ab&#108;&#x72;&#x64;&#x65;v&#046;&#115;&#x65;                    <\/a>\n                <\/div>\n                                                        <\/div>\n    <\/div>\n<\/div>\n\n<div class=\"card card--primary card--vertical card--contact hover:shadow-md transition-all duration-500 border-t-8 border-primary max-w-md mx-auto \">\n        <header class=\"card__image card--vertical__image card--contact__image overflow-hidden\">\n        <img loading=\"lazy\" decoding=\"async\" width=\"560\" height=\"420\" src=\"https:\/\/pablrdev.se\/app\/uploads\/sites\/61\/2024\/05\/kjell-560x420.jpg\" class=\"h-full w-full object-contain\" alt=\"\" srcset=\"https:\/\/pablrdev.se\/app\/uploads\/sites\/61\/2024\/05\/kjell-560x420.jpg 560w, https:\/\/pablrdev.se\/app\/uploads\/sites\/61\/2024\/05\/kjell-e1715678604612-400x300.jpg 400w\" sizes=\"auto, (max-width: 560px) 100vw, 560px\" \/>    <\/header>\n        <div class=\"card__content card--secondary card--vertical__content card--contact__content\">\n        <div class=\"card__body\">\n                            <h2 class=\"card__title title title--primary text-xl my-0\">Kjell Olsson<\/h2>\n                                            <div class=\"flex flex-col mb-3\">\n                                                    <div class=\"card__work-title font-bold text-sm leading-5\">Godk\u00e4nd revisor<\/div>\n                                                    <div class=\"card__work-title font-bold text-sm leading-5\">Aff\u00e4rsr\u00e5dgivare<\/div>\n                                            <\/div>\n                                                        <div class=\"phone flex items-start mb-1\">\n                    <i class=\"fas fa-phone-alt mr-4 mt-1\" style=\"width:1.1rem; height: 1.1rem;\"><\/i>\n                                            <div class=\"flex flex-col\">\n                                                            <a class=\"phone link leading-6\" href=\"tel:0709299448\">\n                                    070-92 99 448                                <\/a>\n                                                    <\/div>\n                                    <\/div>\n                                        <div class=\"card__email card--vertical__email card--contact__email flex justify-start items-center mb-1\">\n                    <i class=\"fas fa-envelope mr-4\" style=\"width:1.1rem; height: 1.1rem;\"><\/i>\n                    <a class=\"link link--default link--no-padding\" href=\"mailto:&#107;&#x6a;e&#108;&#x6c;&#046;&#111;&#x6c;s&#115;&#x6f;n&#064;&#x70;a&#098;&#x6c;r&#100;&#x65;v&#046;&#x73;e\">\n                        &#107;&#x6a;e&#108;&#x6c;&#046;&#111;&#x6c;s&#115;&#x6f;n&#064;&#x70;a&#098;&#x6c;r&#100;&#x65;v&#046;&#x73;e                    <\/a>\n                <\/div>\n                                                                <div class=\"card__about card--vertical__about card--contact__about slide-component\">\n                    <div class=\"slide-toggle flex font-bold justify-between items-center cursor-pointer\">\n                        <div class=\"pointer-events-none mt-3 mb-1\">\n                            <div class=\"text-base font-bold link link--primary link--underline\">\n                                L\u00e4s mer om Kjell                            <\/div>\n                        <\/div>\n                        <i class='fas fa-chevron-down pointer-events-none text-primary'><\/i>\n                    <\/div>\n                    <div class=\"slide-content hidden\">\n                        <p>F\u00f6retagsledare och \u00e4gare sedan h\u00f6sten 2012. Blev Godk\u00e4nd revisor och 1984 anst\u00e4lldes jag som VD p\u00e5 en lokal byr\u00e5 i G\u00e4vle. Jag har sedan dess varit b\u00e5de partner och kontorschef p\u00e5 st\u00f6rre byr\u00e5er.<br \/>\nMina intresseomr\u00e5den f\u00f6rutom revision \u00e4r ledarskap och att hitta bra l\u00f6sningar till sm\u00e5 och medelstora f\u00f6retag inom generationsskiften, k\u00f6p och f\u00f6rs\u00e4ljning av f\u00f6retag och \u00e4garfr\u00e5gor. Delar min tid mellan kontoren i G\u00e4vle och Hedemora.<\/p>\n                    <\/div>\n                <\/div>\n                    <\/div>\n    <\/div>\n<\/div>\n\n<div class=\"card card--primary card--vertical card--contact hover:shadow-md transition-all duration-500 border-t-8 border-primary max-w-md mx-auto \">\n        <header class=\"card__image card--vertical__image card--contact__image overflow-hidden\">\n        <img loading=\"lazy\" decoding=\"async\" width=\"300\" height=\"420\" src=\"https:\/\/pablrdev.se\/app\/uploads\/sites\/61\/2024\/05\/lr-revision-porttratt-01-scaled-e1715607166337-300x420.jpg\" class=\"h-full w-full object-contain\" alt=\"\" \/>    <\/header>\n        <div class=\"card__content card--secondary card--vertical__content card--contact__content\">\n        <div class=\"card__body\">\n                            <h2 class=\"card__title title title--primary text-xl my-0\">Torbj\u00f6rn Arken\u00e4s<\/h2>\n                                            <div class=\"flex flex-col mb-3\">\n                                                    <div class=\"card__work-title font-bold text-sm leading-5\">Auktoriserad revisor<\/div>\n                                            <\/div>\n                                                        <div class=\"phone flex items-start mb-1\">\n                    <i class=\"fas fa-phone-alt mr-4 mt-1\" style=\"width:1.1rem; height: 1.1rem;\"><\/i>\n                                            <div class=\"flex flex-col\">\n                                                            <a class=\"phone link leading-6\" href=\"tel:0703986870\">\n                                    070-398 68 70                                <\/a>\n                                                    <\/div>\n                                    <\/div>\n                                        <div class=\"card__email card--vertical__email card--contact__email flex justify-start items-center mb-1\">\n                    <i class=\"fas fa-envelope mr-4\" style=\"width:1.1rem; height: 1.1rem;\"><\/i>\n                    <a class=\"link link--default link--no-padding\" href=\"mailto:&#116;&#x6f;&#114;&#x62;j&#x6f;r&#110;&#x2e;&#097;&#x72;&#107;&#x65;n&#x61;s&#064;&#x70;&#097;&#x62;l&#x72;d&#x65;&#x76;&#046;&#x73;&#101;\">\n                        &#116;&#x6f;&#114;&#x62;j&#x6f;r&#110;&#x2e;&#097;&#x72;&#107;&#x65;n&#x61;s&#064;&#x70;&#097;&#x62;l&#x72;d&#x65;&#x76;&#046;&#x73;&#101;                    <\/a>\n                <\/div>\n                                                        <\/div>\n    <\/div>\n<\/div>\n\n<div class=\"card card--primary card--vertical card--contact hover:shadow-md transition-all duration-500 border-t-8 border-primary max-w-md mx-auto \">\n        <header class=\"card__image card--vertical__image card--contact__image overflow-hidden\">\n        <img loading=\"lazy\" decoding=\"async\" width=\"300\" height=\"420\" src=\"https:\/\/pablrdev.se\/app\/uploads\/sites\/61\/2024\/05\/lr-revision-porttratt-03-scaled-e1715607141310-300x420.jpg\" class=\"h-full w-full object-contain\" alt=\"\" \/>    <\/header>\n        <div class=\"card__content card--secondary card--vertical__content card--contact__content\">\n        <div class=\"card__body\">\n                            <h2 class=\"card__title title title--primary text-xl my-0\">Josefin Torstensson<\/h2>\n                                            <div class=\"flex flex-col mb-3\">\n                                                    <div class=\"card__work-title font-bold text-sm leading-5\">Redovisningskonsult<\/div>\n                                            <\/div>\n                                                        <div class=\"phone flex items-start mb-1\">\n                    <i class=\"fas fa-phone-alt mr-4 mt-1\" style=\"width:1.1rem; height: 1.1rem;\"><\/i>\n                                            <div class=\"flex flex-col\">\n                                                            <a class=\"phone link leading-6\" href=\"tel:0705557148\">\n                                    070-555 71 48                                <\/a>\n                                                    <\/div>\n                                    <\/div>\n                                        <div class=\"card__email card--vertical__email card--contact__email flex justify-start items-center mb-1\">\n                    <i class=\"fas fa-envelope mr-4\" style=\"width:1.1rem; height: 1.1rem;\"><\/i>\n                    <a class=\"link link--default link--no-padding\" href=\"mailto:&#106;&#x6f;s&#101;&#x66;i&#110;&#x2e;t&#x6f;&#x72;&#115;&#x74;e&#110;&#x73;s&#111;&#x6e;&#064;&#x70;&#x61;&#098;&#x6c;&#x72;&#100;&#x65;v&#046;&#x73;e\">\n                        &#106;&#x6f;s&#101;&#x66;i&#110;&#x2e;t&#x6f;&#x72;&#115;&#x74;e&#110;&#x73;s&#111;&#x6e;&#064;&#x70;&#x61;&#098;&#x6c;&#x72;&#100;&#x65;v&#046;&#x73;e                    <\/a>\n                <\/div>\n                                                        <\/div>\n    <\/div>\n<\/div>\n\n<div class=\"card card--primary card--vertical card--contact hover:shadow-md transition-all duration-500 border-t-8 border-primary max-w-md mx-auto \">\n        <header class=\"card__image card--vertical__image card--contact__image overflow-hidden\">\n        <img loading=\"lazy\" decoding=\"async\" width=\"300\" height=\"420\" src=\"https:\/\/pablrdev.se\/app\/uploads\/sites\/61\/2024\/05\/lr-revision-porttratt-07-scaled-e1715606529512-300x420.jpg\" class=\"h-full w-full object-contain\" alt=\"\" \/>    <\/header>\n        <div class=\"card__content card--secondary card--vertical__content card--contact__content\">\n        <div class=\"card__body\">\n                            <h2 class=\"card__title title title--primary text-xl my-0\">Sofia Wikman<\/h2>\n                                            <div class=\"flex flex-col mb-3\">\n                                                    <div class=\"card__work-title font-bold text-sm leading-5\">Revisorsassistent<\/div>\n                                            <\/div>\n                                                        <div class=\"phone flex items-start mb-1\">\n                    <i class=\"fas fa-phone-alt mr-4 mt-1\" style=\"width:1.1rem; height: 1.1rem;\"><\/i>\n                                            <div class=\"flex flex-col\">\n                                                            <a class=\"phone link leading-6\" href=\"tel:0706370210\">\n                                    070-637 02 10                                <\/a>\n                                                    <\/div>\n                                    <\/div>\n                                        <div class=\"card__email card--vertical__email card--contact__email flex justify-start items-center mb-1\">\n                    <i class=\"fas fa-envelope mr-4\" style=\"width:1.1rem; height: 1.1rem;\"><\/i>\n                    <a class=\"link link--default link--no-padding\" href=\"mailto:s&#111;&#102;&#105;&#x61;&#x2e;&#x77;ik&#109;&#097;&#x6e;&#x40;&#x70;&#x61;bl&#114;&#100;&#x65;&#x76;&#x2e;&#x73;e\">\n                        s&#111;&#102;&#105;&#x61;&#x2e;&#x77;ik&#109;&#097;&#x6e;&#x40;&#x70;&#x61;bl&#114;&#100;&#x65;&#x76;&#x2e;&#x73;e                    <\/a>\n                <\/div>\n                                                        <\/div>\n    <\/div>\n<\/div>\n\n<div class=\"card card--primary card--vertical card--contact hover:shadow-md transition-all duration-500 border-t-8 border-primary max-w-md mx-auto \">\n        <header class=\"card__image card--vertical__image card--contact__image overflow-hidden\">\n        <img loading=\"lazy\" decoding=\"async\" width=\"300\" height=\"420\" src=\"https:\/\/pablrdev.se\/app\/uploads\/sites\/61\/2024\/05\/lr-revision-porttratt-04-scaled-e1715606477849-300x420.jpg\" class=\"h-full w-full object-contain\" alt=\"\" \/>    <\/header>\n        <div class=\"card__content card--secondary card--vertical__content card--contact__content\">\n        <div class=\"card__body\">\n                            <h2 class=\"card__title title title--primary text-xl my-0\">Evelina Setterlind<\/h2>\n                                            <div class=\"flex flex-col mb-3\">\n                                                    <div class=\"card__work-title font-bold text-sm leading-5\">Redovisningskonsult<\/div>\n                                            <\/div>\n                                                        <div class=\"phone flex items-start mb-1\">\n                    <i class=\"fas fa-phone-alt mr-4 mt-1\" style=\"width:1.1rem; height: 1.1rem;\"><\/i>\n                                            <div class=\"flex flex-col\">\n                                                            <a class=\"phone link leading-6\" href=\"tel:0762230931\">\n                                    076-223 09 31                                <\/a>\n                                                    <\/div>\n                                    <\/div>\n                                        <div class=\"card__email card--vertical__email card--contact__email flex justify-start items-center mb-1\">\n                    <i class=\"fas fa-envelope mr-4\" style=\"width:1.1rem; height: 1.1rem;\"><\/i>\n                    <a class=\"link link--default link--no-padding\" href=\"mailto:&#x65;&#118;&#x65;&#x6c;i&#x6e;&#097;&#046;&#x73;&#101;t&#x74;&#101;&#x72;&#x6c;i&#x6e;&#100;&#064;&#x70;&#097;b&#x6c;&#114;&#x64;&#x65;&#118;&#x2e;&#x73;e\">\n                        &#x65;&#118;&#x65;&#x6c;i&#x6e;&#097;&#046;&#x73;&#101;t&#x74;&#101;&#x72;&#x6c;i&#x6e;&#100;&#064;&#x70;&#097;b&#x6c;&#114;&#x64;&#x65;&#118;&#x2e;&#x73;e                    <\/a>\n                <\/div>\n                                                        <\/div>\n    <\/div>\n<\/div>\n\n<div class=\"card card--primary card--vertical card--contact hover:shadow-md transition-all duration-500 border-t-8 border-primary max-w-md mx-auto \">\n        <header class=\"card__image card--vertical__image card--contact__image overflow-hidden\">\n                    <div class=\"placeholder\"><\/div>\n            <\/header>\n        <div class=\"card__content card--secondary card--vertical__content card--contact__content\">\n        <div class=\"card__body\">\n                            <h2 class=\"card__title title title--primary text-xl my-0\">Julia Owczarek Blom<\/h2>\n                                            <div class=\"flex flex-col mb-3\">\n                                                    <div class=\"card__work-title font-bold text-sm leading-5\">Revisorsassistent<\/div>\n                                            <\/div>\n                                                        <div class=\"phone flex items-start mb-1\">\n                    <i class=\"fas fa-phone-alt mr-4 mt-1\" style=\"width:1.1rem; height: 1.1rem;\"><\/i>\n                                            <div class=\"flex flex-col\">\n                                                            <a class=\"phone link leading-6\" href=\"tel:0703112082\">\n                                    070-311 20 82                                <\/a>\n                                                    <\/div>\n                                    <\/div>\n                                        <div class=\"card__email card--vertical__email card--contact__email flex justify-start items-center mb-1\">\n                    <i class=\"fas fa-envelope mr-4\" style=\"width:1.1rem; height: 1.1rem;\"><\/i>\n                    <a class=\"link link--default link--no-padding\" href=\"mailto:&#x6a;&#117;l&#x69;&#x61;&#046;b&#x6c;&#x6f;&#109;&#064;&#x70;&#097;b&#x6c;&#x72;&#100;e&#x76;&#x2e;&#115;e\">\n                        &#x6a;&#117;l&#x69;&#x61;&#046;b&#x6c;&#x6f;&#109;&#064;&#x70;&#097;b&#x6c;&#x72;&#100;e&#x76;&#x2e;&#115;e                    <\/a>\n                <\/div>\n                                                        <\/div>\n    <\/div>\n<\/div>\n\n<div class=\"card card--primary card--vertical card--contact hover:shadow-md transition-all duration-500 border-t-8 border-primary max-w-md mx-auto \">\n        <header class=\"card__image card--vertical__image card--contact__image overflow-hidden\">\n                    <div class=\"placeholder\"><\/div>\n            <\/header>\n        <div class=\"card__content card--secondary card--vertical__content card--contact__content\">\n        <div class=\"card__body\">\n                            <h2 class=\"card__title title title--primary text-xl my-0\">Josefine Augustsson<\/h2>\n                                            <div class=\"flex flex-col mb-3\">\n                                                    <div class=\"card__work-title font-bold text-sm leading-5\">Redovisningskonsult<\/div>\n                                            <\/div>\n                                                                    <div class=\"card__email card--vertical__email card--contact__email flex justify-start items-center mb-1\">\n                    <i class=\"fas fa-envelope mr-4\" style=\"width:1.1rem; height: 1.1rem;\"><\/i>\n                    <a class=\"link link--default link--no-padding\" href=\"mailto:&#x6a;&#x6f;&#x73;&#x65;&#x66;&#x69;&#x6e;&#x65;&#x2e;&#x61;&#x75;&#x67;&#x75;&#x73;&#x74;&#x73;&#x73;&#x6f;&#x6e;&#x40;&#x70;&#x61;&#x62;&#x6c;&#x72;&#x64;&#x65;&#x76;&#x2e;&#x73;&#x65;\">\n                        &#x6a;&#x6f;&#x73;&#x65;&#x66;&#x69;&#x6e;&#x65;&#x2e;&#x61;&#x75;&#x67;&#x75;&#x73;&#x74;&#x73;&#x73;&#x6f;&#x6e;&#x40;&#x70;&#x61;&#x62;&#x6c;&#x72;&#x64;&#x65;&#x76;&#x2e;&#x73;&#x65;                    <\/a>\n                <\/div>\n                                                        <\/div>\n    <\/div>\n<\/div>\n<div class=\"card card--tertiary max-w-md mx-auto p-10 w-full h-full justify-center text-xl text-neutral hover:shadow-md transition-all duration-500 min-h-card\">\n    <div class=\"font-bold text-center\">\n        F\u00f6lj oss p\u00e5 sociala medier        <div class=\"flex justify-center mt-6\">\n                    <span\n            class=\"link link--tertiary hover:bg-dark hover:bg-opacity-25 rounded-full p-2 transition-all duration-500 ease-in-out\"\n            style=\"height: 2.5rem; width:2.5rem;\"\n        >\n            <a\n                class=\"flex items-center justify-center off\"\n                href='https:\/\/linkedin.com\/company\/lr-revisiongavleab'\n                target='_blank' rel='noreferrer noopener'\n                style=\"width: 1.5rem; height: 1.5rem;\"\n            >\n                <i class=\"fab fa-linkedin\"><\/i>            <\/a>\n        <\/span>\n            <span\n            class=\"link link--tertiary hover:bg-dark hover:bg-opacity-25 rounded-full p-2 transition-all duration-500 ease-in-out\"\n            style=\"height: 2.5rem; width:2.5rem;\"\n        >\n            <a\n                class=\"flex items-center justify-center off\"\n                href='https:\/\/facebook.com\/lrrevisiongavle\/'\n                target='_blank' rel='noreferrer noopener'\n                style=\"width: 1.5rem; height: 1.5rem;\"\n            >\n                <i class=\"fab fa-facebook-f\"><\/i>            <\/a>\n        <\/span>\n            <span\n            class=\"link link--tertiary hover:bg-dark hover:bg-opacity-25 rounded-full p-2 transition-all duration-500 ease-in-out\"\n            style=\"height: 2.5rem; width:2.5rem;\"\n        >\n            <a\n                class=\"flex items-center justify-center off\"\n                href='https:\/\/instagram.com\/lrrevisiongavle\/'\n                target='_blank' rel='noreferrer noopener'\n                style=\"width: 1.5rem; height: 1.5rem;\"\n            >\n                <i class=\"fab fa-instagram\"><\/i>            <\/a>\n        <\/span>\n            <\/div>\n    <\/div>\n<\/div>\n        <\/div>\n    <\/div>\n<\/div>\n\n\n<div id=\"map-block_6045d1e31abd8\" class=\"acf-block spacing-block map end-equalizer\">\n    <div class=\"block__content margin-fix\">\n                    <div class=\"typography text-max-width text-center mb-8\">\n                <h2 style=\"text-align: center\" class=\"title title--primary\">Hitta hit<\/h2>\n            <\/div>\n                <div class=\"members-map relative\">\n            <div class=\"members-map__map google-map\">\n                <div\n    class=\"marker\"\n    data-lat=\"60.6579304\"\n    data-lng=\"17.1680194\"\n>\n    <div class=\"marker__body\">\n        <h3 class=\"marker__title title title--primary title--hyphenate mt-0\">\n            LR Revision G\u00e4vle        <\/h3>\n        <div class=\"marker__content text-sm font-light\">\n                    <\/div>\n        <p class=\"address\">\n            Kryddstigen 5, 802 92 G\u00e4vle, Sverige        <\/p>\n    <\/div>\n<\/div>\n            <\/div>\n        <\/div>\n    <\/div>\n<\/div>\n\n\n\n<p><\/p>\n","protected":false},"excerpt":{"rendered":"","protected":false},"author":1,"featured_media":0,"parent":0,"menu_order":0,"comment_status":"closed","ping_status":"closed","template":"","meta":{"inline_featured_image":false,"footnotes":""},"page-category":[],"class_list":["post-30","page","type-page","status-publish","hentry"],"acf":[],"publishpress_future_action":{"enabled":false,"date":"2026-05-20 12:58:10","action":"change-status","newStatus":"draft","terms":[],"taxonomy":"page-category","extraData":[]},"publishpress_future_workflow_manual_trigger":{"enabledWorkflows":[]},"_links":{"self":[{"href":"https:\/\/pablrdev.se\/gavle\/wp-json\/wp\/v2\/pages\/30","targetHints":{"allow":["GET"]}}],"collection":[{"href":"https:\/\/pablrdev.se\/gavle\/wp-json\/wp\/v2\/pages"}],"about":[{"href":"https:\/\/pablrdev.se\/gavle\/wp-json\/wp\/v2\/types\/page"}],"author":[{"embeddable":true,"href":"https:\/\/pablrdev.se\/gavle\/wp-json\/wp\/v2\/users\/1"}],"replies":[{"embeddable":true,"href":"https:\/\/pablrdev.se\/gavle\/wp-json\/wp\/v2\/comments?post=30"}],"version-history":[{"count":2,"href":"https:\/\/pablrdev.se\/gavle\/wp-json\/wp\/v2\/pages\/30\/revisions"}],"predecessor-version":[{"id":1988,"href":"https:\/\/pablrdev.se\/gavle\/wp-json\/wp\/v2\/pages\/30\/revisions\/1988"}],"wp:attachment":[{"href":"https:\/\/pablrdev.se\/gavle\/wp-json\/wp\/v2\/media?parent=30"}],"wp:term":[{"taxonomy":"page-category","embeddable":true,"href":"https:\/\/pablrdev.se\/gavle\/wp-json\/wp\/v2\/page-category?post=30"}],"curies":[{"name":"wp","href":"https:\/\/api.w.org\/{rel}","templated":true}]}}