{"id":1148,"date":"2021-03-08T15:17:26","date_gmt":"2021-03-08T13:17:26","guid":{"rendered":"https:\/\/pablrdev.se\/gorevision\/lediga-jobb\/"},"modified":"2021-09-17T10:14:05","modified_gmt":"2021-09-17T08:14:05","slug":"lediga-jobb","status":"publish","type":"page","link":"https:\/\/pablrdev.se\/gorevision\/lediga-jobb\/","title":{"rendered":"Lediga jobb"},"content":{"rendered":"\n<div class=\"wp-block-columns is-layout-flex wp-container-core-columns-is-layout-9d6595d7 wp-block-columns-is-layout-flex\">\n<div class=\"wp-block-column is-layout-flow wp-block-column-is-layout-flow\" style=\"flex-basis:70%\">\n<h1 class=\"title title--primary wp-block-heading\">Lediga jobb<\/h1>\n\n\n\n<p>Vi \u00e4r intresserade av medarbetare som vill arbeta med redovisning, r\u00e5dgivning och revision i sm\u00e5 och medelstora f\u00f6retag. F\u00f6r att arbeta hos oss \u00e4r r\u00e4tt kompetens en n\u00f6dv\u00e4ndighet, men \u00e4n viktigare \u00e4r ditt engagemang. <a href=\"https:\/\/pablrdev.se\/gorevision\/kontakt\" target=\"_blank\" rel=\"noreferrer noopener\">Kontakta oss<\/a> om du \u00e4r intresserad.<\/p>\n\n\n<div id=\"jobs-block_6058b0aa7c0ef\" class=\"acf-block jobs\">\n    <div class=\"block__content space-y-4 spacing-block\">\n        \n<div class=\"accordion max-w-5xl mx-auto slide-component bg-tertiary shadow-sm\">\n    <div class=\"slide-toggle flex font-bold justify-between items-center py-5 px-8\">\n        <div class=\"max-w-content pointer-events-none pr-4 mr-auto\">\n            <div class=\"text-md font-bold\">\n                Juniora revisorer s\u00f6kes till GO Revision &amp; Consulting Sthlm AB            <\/div>\n            <div class=\"text-sm font-light\">\n                            <\/div>\n        <\/div>\n        <i class='fas fa-chevron-down pointer-events-none'><\/i>\n    <\/div>\n    <div class=\"card__content typography hidden slide-content bg-neutral\">\n        <div class=\"md:flex\">\n            <div class=\"md:w-7\/12 p-8\">\n                <div class=\"max-w-4xl max-w-content\">\n                    <p><strong><u>Om oss<\/u><\/strong><\/p>\n<p>Vi \u00e4r en gemenskap av sj\u00e4lvst\u00e4ndiga auktoriserade revisorer som arbetar under byr\u00e5n GO Revision &amp; Consulting Stockholm AB. Vi startade byr\u00e5n f\u00f6r ungef\u00e4r sju \u00e5r sedan och har en ambition att forts\u00e4tta v\u00e4xa b\u00e5de organiskt och med externa samarbeten. Vi reviderar digitalt vilket m\u00f6jligg\u00f6r valfrihet och kontroll \u00f6ver v\u00e5ra arbetsdagar. I dag \u00e4r vi sju medarbetare varav fem auktoriserade revisorer. Vi samarbetar \u00e4ven med andra revisorer och konsulter och \u00e4r aktiva medlemmar i LR Revision och Redovisning vilket \u00e4r ett svenskt n\u00e4tverk med ett sextiotal revisions- och redovisningsbyr\u00e5er och ca 350 medarbetare runtom i Sverige. V\u00e5r huvudsakliga tj\u00e4nst \u00e4r lagstadgad revision men vi jobbar \u00e4ven aktivt med f\u00f6retagsr\u00e5dgivning s\u00e5som f\u00f6rv\u00e4rv, v\u00e4rdering, incitamentsprogram, omstruktureringar, skattefr\u00e5gor med mera.<br \/>\nVi \u00e4r en byr\u00e5 med h\u00f6g fokus p\u00e5 kvalitet och ambitionsniv\u00e5erna \u00e4r h\u00f6ga hos oss.<\/p>\n<p>I dag har vi ett kontor i centrala Stockholm men en hel del arbete sker ute hos kunder eller hemifr\u00e5n.<\/p>\n<p>&nbsp;<\/p>\n<p><strong><u>Arbetsuppgifter <\/u><\/strong><\/p>\n<p>I rollen som revisorsassistent hos oss arbetar du med att granska kundernas r\u00e4kenskaper och f\u00f6rvaltning samt f\u00f6rbereda underlag till de p\u00e5skrivande revisorerna. Du f\u00e5r direktkontakt med kunder och har ett stort eget ansvar men ocks\u00e5 en viktig roll som teamspelare. V\u00e5ra kunder \u00e4r alltifr\u00e5n sm\u00e5 och medelstora \u00e4garledda f\u00f6retag till b\u00f6rsnoterade f\u00f6retag. Vi jobbar n\u00e4ra kunderna vilket inneb\u00e4r att du beh\u00f6ver vara engagerad, tillg\u00e4nglig och serviceinriktad. Du deltar i revisionsprocesser och genomf\u00f6r granskningsarbete av \u00e5rsbokslut och \u00e5rsredovisningar med handledning av en senior coach. Direktkontakt med kunder ing\u00e5r i din vardag, s\u00e5v\u00e4l som l\u00f6pande administrativa uppgifter.<\/p>\n<p>&nbsp;<\/p>\n<p><strong><u>Krav<\/u><\/strong><\/p>\n<ul>\n<li>Eftergymnasial utbildning tv\u00e5 \u00e5r eller l\u00e4ngre inom F\u00f6retagsekonomi<\/li>\n<li>Goda kunskaper i svenska och engelska i s\u00e5v\u00e4l tal som skrift<\/li>\n<\/ul>\n<p>&nbsp;<\/p>\n<p><strong><u>Meriterande kompetenser <\/u><\/strong><\/p>\n<ul>\n<li>De teoretiska kraven fr\u00e5n Revisorsinspektionen f\u00f6r att kunna bli auktoriserad revisor<\/li>\n<li>Erfarenhet sedan tidigare inom revision eller redovisning<\/li>\n<li>Grundl\u00e4ggande kunskaper inom bokf\u00f6ring<\/li>\n<\/ul>\n<p><strong><u>Vem \u00e4r du? <\/u><\/strong><\/p>\n<p>I denna process l\u00e4ggs stor vikt vid personliga egenskaper. Vi s\u00f6ker dig som har ett stort engagemang f\u00f6r ditt arbete och som trivs med att ta ett stort eget ansvar. Du stimuleras av att arbeta n\u00e4ra kunderna och att f\u00e5 ta ansvar f\u00f6r planering, genomf\u00f6rande och avslutande av uppdrag. I rollen som revisorsassistent arbetar du sj\u00e4lvst\u00e4ndigt men \u00e4ven ihop i team, d\u00e4rf\u00f6r \u00e4r det viktigt med god samarbetsf\u00f6rm\u00e5ga samt viljan att l\u00e4ra sig av andra. Du \u00e4r \u00e4ven prestigel\u00f6s och vill hj\u00e4lpa dina kollegor vid behov.<\/p>\n<p>Du har ett driv och en vilja att utvecklas i din roll. Kommunikationen \u00e4r tydlig och du k\u00e4nner dig bekv\u00e4m med att hantera b\u00e5de interna och externa kontakter. Du trivs att prata med kunder och motiveras av att ge b\u00e4sta t\u00e4nkbara service. I rollen f\u00f6rv\u00e4ntas du att ta ansvar och sj\u00e4lvst\u00e4ndigt driva ditt arbete fram\u00e5t. \u00a0Du har \u00e4ven en f\u00f6rm\u00e5ga att beh\u00e5lla lugnet i stressiga situationer.<\/p>\n<p>&nbsp;<\/p>\n<p>Du \u00e4r varmt v\u00e4lkommen med din ans\u00f6kan till: <a href=\"m&#97;&#x69;&#x6c;t&#111;&#x3a;&#x6a;o&#104;&#97;&#x6e;&#x2e;i&#115;&#x62;&#x72;a&#110;&#x64;&#x40;p&#97;&#98;&#x6c;&#x72;d&#101;&#x76;&#x2e;s&#101;\">&#x6a;o&#x68;&#97;n&#x2e;&#105;&#x73;&#x62;r&#x61;&#110;d&#x40;&#112;&#x61;&#98;l&#x72;&#100;e&#x76;&#46;&#x73;&#101;<\/a><br \/>\nBifoga ett CV och personligt brev om varf\u00f6r du vill arbeta som revisor och p\u00e5 vilket s\u00e4tt du skulle passa in hos oss.<\/p>\n<p>Bes\u00f6k g\u00e4rna v\u00e5r hemsida p\u00e5: <a href=\"https:\/\/www.pablrdev.se\/gorevision\">https:\/\/www.pablrdev.se\/gorevision<\/a><br \/>\nBes\u00f6k g\u00e4rna \u00e4ven v\u00e5rt n\u00e4tverk p\u00e5: <a href=\"http:\/\/www.pablrdev.se\/\">www.pablrdev.se<\/a><\/p>\n<p>&nbsp;<\/p>\n                <\/div>\n            <\/div>\n            <div class=\"md:w-5\/12 p-8\">\n                <div class=\"text-md font-bold mb-4\">\n                    Ans\u00f6kan                <\/div>\n                                    <div class=\"email-copy flex justify-between bg-tertiary mb-4\">\n                        <a href=\"mailto:&#x6a;&#111;&#104;a&#x6e;&#x2e;&#105;s&#x62;&#x72;&#097;n&#x64;&#x40;&#112;a&#x62;&#x6c;&#114;d&#x65;&#x76;&#046;s&#x65;\" class=\"flex-1 p-4 link link--primary font-normal h-full\">\n                            &#x6a;&#111;&#104;a&#x6e;&#x2e;&#105;s&#x62;&#x72;&#097;n&#x64;&#x40;&#112;a&#x62;&#x6c;&#114;d&#x65;&#x76;&#046;s&#x65;                        <\/a>\n                        <button class=\"button button--primary button--no-margin\" onClick=\"copyStringToClipboard('&#x6a;&#111;&#104;a&#x6e;&#x2e;&#105;s&#x62;&#x72;&#097;n&#x64;&#x40;&#112;a&#x62;&#x6c;&#114;d&#x65;&#x76;&#046;s&#x65;')\" data-done=\"Kopierat!\">Kopiera<\/button>\n                    <\/div>\n                                                            <\/div>\n        <\/div>\n    <\/div>\n<\/div>\n<script>\n    function copyStringToClipboard(str) {\n        \/\/ Create new element\n        var el = document.createElement(\"textarea\");\n        \/\/ Set value (string to be copied)\n        el.value = str;\n        \/\/ Set non-editable to avoid focus and move outside of view\n        el.setAttribute(\"readonly\", \"\");\n        el.style = {\n            position: \"absolute\",\n            left: \"-9999px\"\n        };\n        document.body.appendChild(el);\n        \/\/ Select text inside element\n        el.select();\n        \/\/ Copy text to clipboard\n        document.execCommand(\"copy\");\n        \/\/ Remove temporary element\n        document.body.removeChild(el);\n\n        \/\/ change inner text to done state\n        event.target.innerText = event.target.dataset.done;\n    }\n<\/script>\n    <\/div>\n<\/div>\n<\/div>\n\n\n\n<div class=\"wp-block-column is-layout-flow wp-block-column-is-layout-flow\" style=\"flex-basis:33.33%\"><div id=\"share-block_604624f9025b7\" class=\"acf-block share my-2\">\n    <div class=\"block__content\">\n        <div class=\"font-bold text-dark\">\n            Dela eller skriv ut        <\/div>\n        <div class=\"icons flex space-x-2 mt-1\">\n            <span class=\"link link--primary-icon\" style=\"height: 1.5rem;\">\n                <a class=\"flex items-end justify-center off\" href='https:\/\/www.linkedin.com\/sharing\/share-offsite\/?url=https:\/\/pablrdev.se\/gorevision\/lediga-jobb\/' target='_blank' rel='noreferrer noopener' style=\"width: 1.5rem; height: 1.5rem;\">\n                    <i class=\"fab fa-linkedin\"><\/i>\n                <\/a>\n            <\/span>\n            <span class=\"link link--primary-icon\" style=\"height: 1.5rem;\">\n                <a class=\"flex items-end justify-center off\" href='https:\/\/www.facebook.com\/sharer\/sharer.php?u=https:\/\/pablrdev.se\/gorevision\/lediga-jobb\/' target='_blank' rel='noreferrer noopener' style=\"width: 1.5rem; height: 1.5rem;\">\n                    <i class=\"fab fa-facebook-f\"><\/i>\n                <\/a>\n            <\/span>\n            <span class=\"link link--primary-icon\" style=\"height: 1.5rem;\">\n                <a class=\"flex items-end justify-center\" href='mailto:jo&#104;&#97;&#110;&#x2e;&#x69;&#x73;&#x62;&#x72;an&#100;&#64;&#112;&#x61;&#x62;&#x6c;&#x72;&#x64;ev&#46;&#115;&#101;?body=https%3A%2F%2Fpablrdev.se%2Fgorevision%2Flediga-jobb%2F' target='_blank' rel='noreferrer noopener' style=\"width: 1.5rem; height: 1.5rem;\">\n                    <i class=\"fas fa-envelope\"><\/i>\n                <\/a>\n            <\/span>\n            <span class=\"link link--primary-icon\" style=\"height: 1.5rem;\">\n                <a class=\"flex items-end justify-center\" href='javascript:;' onclick=\"window.print();return false;\" target='_blank' rel='noreferrer noopener' style=\"width: 1.5rem; height: 1.5rem;\">\n                    <i class=\"fas fa-print\"><\/i>\n                <\/a>\n            <\/span>\n        <\/div>\n    <\/div>\n<\/div>\n<\/div>\n<\/div>\n","protected":false},"excerpt":{"rendered":"<p>Lediga jobb Vi \u00e4r intresserade av medarbetare som vill arbeta med redovisning, r\u00e5dgivning och revision i sm\u00e5 och medelstora f\u00f6retag. F\u00f6r att arbeta hos oss&#8230;<\/p>\n","protected":false},"author":1,"featured_media":1000001158,"parent":0,"menu_order":0,"comment_status":"closed","ping_status":"closed","template":"","meta":{"inline_featured_image":false,"footnotes":""},"page-category":[],"class_list":["post-1148","page","type-page","status-publish","has-post-thumbnail","hentry"],"acf":[],"publishpress_future_action":{"enabled":false,"date":"2026-05-20 13:02:30","action":"change-status","newStatus":"draft","terms":[],"taxonomy":"page-category","extraData":[]},"publishpress_future_workflow_manual_trigger":{"enabledWorkflows":[]},"_links":{"self":[{"href":"https:\/\/pablrdev.se\/gorevision\/wp-json\/wp\/v2\/pages\/1148","targetHints":{"allow":["GET"]}}],"collection":[{"href":"https:\/\/pablrdev.se\/gorevision\/wp-json\/wp\/v2\/pages"}],"about":[{"href":"https:\/\/pablrdev.se\/gorevision\/wp-json\/wp\/v2\/types\/page"}],"author":[{"embeddable":true,"href":"https:\/\/pablrdev.se\/gorevision\/wp-json\/wp\/v2\/users\/1"}],"replies":[{"embeddable":true,"href":"https:\/\/pablrdev.se\/gorevision\/wp-json\/wp\/v2\/comments?post=1148"}],"version-history":[{"count":2,"href":"https:\/\/pablrdev.se\/gorevision\/wp-json\/wp\/v2\/pages\/1148\/revisions"}],"predecessor-version":[{"id":1245,"href":"https:\/\/pablrdev.se\/gorevision\/wp-json\/wp\/v2\/pages\/1148\/revisions\/1245"}],"wp:featuredmedia":[{"embeddable":true,"href":"https:\/\/pablrdev.se\/gorevision\/wp-json\/"}],"wp:attachment":[{"href":"https:\/\/pablrdev.se\/gorevision\/wp-json\/wp\/v2\/media?parent=1148"}],"wp:term":[{"taxonomy":"page-category","embeddable":true,"href":"https:\/\/pablrdev.se\/gorevision\/wp-json\/wp\/v2\/page-category?post=1148"}],"curies":[{"name":"wp","href":"https:\/\/api.w.org\/{rel}","templated":true}]}}