{"id":1137,"date":"2021-03-08T15:17:26","date_gmt":"2021-03-08T13:17:26","guid":{"rendered":"https:\/\/pablrdev.se\/kungalvsredovisning\/lediga-jobb\/"},"modified":"2021-09-17T10:14:05","modified_gmt":"2021-09-17T08:14:05","slug":"lediga-jobb","status":"publish","type":"page","link":"https:\/\/pablrdev.se\/kungalvsredovisning\/lediga-jobb\/","title":{"rendered":"Lediga jobb"},"content":{"rendered":"\n<div class=\"wp-block-columns is-layout-flex wp-container-core-columns-is-layout-9d6595d7 wp-block-columns-is-layout-flex\">\n<div class=\"wp-block-column is-layout-flow wp-block-column-is-layout-flow\" style=\"flex-basis:70%\">\n<h1 class=\"title title--primary wp-block-heading\">Lediga jobb<\/h1>\n\n\n\n<p>Vi \u00e4r intresserade av medarbetare som vill arbeta med redovisning, r\u00e5dgivning och revision i sm\u00e5 och medelstora f\u00f6retag. F\u00f6r att arbeta hos oss \u00e4r r\u00e4tt kompetens en n\u00f6dv\u00e4ndighet, men \u00e4n viktigare \u00e4r ditt engagemang. <a href=\"https:\/\/pablrdev.se\/kungalvsredovisning\/kontakt\" target=\"_blank\" rel=\"noreferrer noopener\">Kontakta oss<\/a> om du \u00e4r intresserad.<\/p>\n\n\n<div id=\"jobs-block_6058b0aa7c0ef\" class=\"acf-block jobs\">\n    <div class=\"block__content space-y-4 spacing-block\">\n        \n<div class=\"accordion max-w-5xl mx-auto slide-component bg-tertiary shadow-sm\">\n    <div class=\"slide-toggle flex font-bold justify-between items-center py-5 px-8\">\n        <div class=\"max-w-content pointer-events-none pr-4 mr-auto\">\n            <div class=\"text-md font-bold\">\n                Redovisningsekonom            <\/div>\n            <div class=\"text-sm font-light\">\n                            <\/div>\n        <\/div>\n        <i class='fas fa-chevron-down pointer-events-none'><\/i>\n    <\/div>\n    <div class=\"card__content typography hidden slide-content bg-neutral\">\n        <div class=\"md:flex\">\n            <div class=\"md:w-7\/12 p-8\">\n                <div class=\"max-w-4xl max-w-content\">\n                    <p>Kung\u00e4lvs Redovisningsbyr\u00e5 AB \u00e4r en v\u00e4letablerad lokal byr\u00e5 i Kung\u00e4lv och v\u00e5ra tj\u00e4nster innefattar redovisning, l\u00f6ner och r\u00e5dgivning. V\u00e5rt kontor ligger i Solbr\u00e4cke industriomr\u00e5de, Kung\u00e4lv, och v\u00e5ra kunder finns i huvudsak i n\u00e4romr\u00e5det kring Kung\u00e4lv och G\u00f6teborg.<\/p>\n<p>Vi \u00e4r en personlig och engagerad byr\u00e5 med erfarenhet fr\u00e5n det lilla<\/p>\n<p>enmansf\u00f6retaget till det lite st\u00f6rre f\u00f6retaget med upp till ett femtiotal anst\u00e4llda.<\/p>\n<p>&nbsp;<\/p>\n<p>Vi v\u00e4nder oss framf\u00f6rallt till sm\u00e5 och medelstora f\u00f6retag och v\u00e5ra kunder finns representerade inom de flesta branscher. V\u00e5r aff\u00e4rsid\u00e9 \u00e4r att ge v\u00e5ra kunder b\u00e4sta m\u00f6jliga engagemang, personlighet och kompetens. P\u00e5 v\u00e5rt kontor \u00e4r vi idag tio anst\u00e4llda och v\u00e5r f\u00f6retagskultur k\u00e4nnetecknas av samarbete, arbetsgl\u00e4dje och servicemedvetenhet. V\u00e5ra anst\u00e4llda vidareutbildas kontinuerligt inom redovisning, l\u00f6ner, skatter, juridik m.m. Vi beh\u00f6ver nu f\u00f6rst\u00e4rka v\u00e5rt kontor med en redovisningskonsult.<\/p>\n<p>&nbsp;<\/p>\n<p>Arbetsbeskrivning:<\/p>\n<p>I rollen som redovisningskonsult hos oss arbetar du med kunder av varierande storlek i olika branscher. Du har n\u00e4ra kontakt med kunderna och arbetar med hela ekonomifunktionen. Du arbetar s\u00e5v\u00e4l sj\u00e4lvst\u00e4ndigt som i uppdragsteam med att planera och genomf\u00f6ra redovisningsuppdrag vilket inkluderar bland annat l\u00f6pande redovisning, rapportering till tredje part samt tolkning, analys och r\u00e5dgivning av lagar och regler.<\/p>\n<p>&nbsp;<\/p>\n<p>Bakgrund:<\/p>\n<p>Du har n\u00e5got eller n\u00e5gra \u00e5rs erfarenhet av att ha arbetat som redovisningsekonom, g\u00e4rna p\u00e5 en byr\u00e5, och k\u00e4nner dig trygg i dina kunskaper. Du ser dig som en kommunikativ, serviceinriktad och energiskapande person med en uttalad k\u00e4nsla f\u00f6r struktur, ordning &amp; reda. \u00c4r du en prestigel\u00f6s och flexibel lagspelare med ett intresse f\u00f6r utveckling kommer du att trivas hos oss!<\/p>\n<p>&nbsp;<\/p>\n<p>Kung\u00e4lvs Redovisningsbyr\u00e5 pr\u00e4glas av en familj\u00e4r f\u00f6retagskultur, d\u00e4r vi prioriterar kompetensutveckling hos v\u00e5ra medarbetare och samarbete mellan kollegor sinsemellan. I och med den digitala f\u00f6r\u00e4ndringsprocess som branschen g\u00e5r igenom f\u00e5r du \u00e4ven m\u00f6jligheten att utvecklas och utmanas i hur man kan hitta det mest effektiva arbetss\u00e4ttet och digitala l\u00f6sningen f\u00f6r kunden. Du kommer arbeta i en trivsam arbetsmilj\u00f6 och sp\u00e4nnande bransch. V\u00e5rt breda tj\u00e4nsteutbud inneb\u00e4r att vi kan hj\u00e4lpa v\u00e5ra kunder p\u00e5 m\u00e5nga plan. D\u00e4rmed v\u00e4xer b\u00e5de du och dina kollegor och vi som f\u00f6retag. Vi erbjuder \u00e4ven konkurrenskraftig l\u00f6nemodell, brett f\u00f6rm\u00e5nspaket, h\u00e4lsofr\u00e4mjande aktiviteter, personalaktiviteter, men kanske viktigast av allt \u2013 trevliga och kompetenta kollegor!<\/p>\n<p>&nbsp;<\/p>\n<p>V\u00e4lkommen med din ans\u00f6kan, urval och intervjuer sker dock l\u00f6pande. F\u00f6r att s\u00f6ka tj\u00e4nsten skickar du din ans\u00f6kan via e-post. Har du fr\u00e5gor om tj\u00e4nsten kontaktar du Mattias Lindeberg. Alla ans\u00f6kningar och kontakter behandlas konfidentiellt.<\/p>\n<p>&nbsp;<\/p>\n<p>Varmt v\u00e4lkommen med din ans\u00f6kan!<\/p>\n<p><strong>Varaktighet \u00a0\u00a0\u00a0\u00a0\u00a0\u00a0\u00a0\u00a0\u00a0\u00a0\u00a0\u00a0\u00a0\u00a0\u00a0 <\/strong>Tillsvidareanst\u00e4llning<\/p>\n<p><strong>\u00a0<\/strong><\/p>\n<p><strong>Arbetstid\/Varaktighet <\/strong>Heltid Schemalagd arbetstid<\/p>\n<p><strong>\u00a0<\/strong><\/p>\n<p><strong>L\u00f6n \u00a0\u00a0\u00a0\u00a0\u00a0\u00a0\u00a0\u00a0\u00a0\u00a0\u00a0\u00a0\u00a0\u00a0\u00a0\u00a0 <\/strong>Fast m\u00e5nadsl\u00f6n<\/p>\n<p><strong>\u00a0<\/strong><\/p>\n<p><strong>Kontaktpersoner<\/strong>\u00a0\u00a0\u00a0\u00a0\u00a0\u00a0\u00a0\u00a0 Mattias Lindeberg 0303-93658 &#109;&#x61;t&#116;&#x69;a&#115;&#x2e;l&#105;&#x6e;d&#101;&#x62;e&#114;&#x67;&#64;&#112;&#x61;b&#108;&#x72;d&#101;&#x76;&#46;&#115;&#x65;<\/p>\n<p><strong>\u00a0<\/strong><\/p>\n<p><strong>Sista ans\u00f6kningsdag \u00a0\u00a0\u00a0 <\/strong>2025-09-15<\/p>\n                <\/div>\n            <\/div>\n            <div class=\"md:w-5\/12 p-8\">\n                <div class=\"text-md font-bold mb-4\">\n                    Ans\u00f6kan                <\/div>\n                                    <div class=\"email-copy flex justify-between bg-tertiary mb-4\">\n                        <a href=\"mailto:&#x6d;&#x61;&#x74;&#x74;&#x69;&#x61;&#x73;&#x2e;&#x6c;&#x69;&#x6e;&#100;&#101;&#098;&#101;&#114;&#103;&#064;pablrd&#x65;&#x76;&#x2e;&#x73;&#x65;\" class=\"flex-1 p-4 link link--primary font-normal h-full\">\n                            &#x6d;&#x61;&#x74;&#x74;&#x69;&#x61;&#x73;&#x2e;&#x6c;&#x69;&#x6e;&#100;&#101;&#098;&#101;&#114;&#103;&#064;pablrd&#x65;&#x76;&#x2e;&#x73;&#x65;                        <\/a>\n                        <button class=\"button button--primary button--no-margin\" onClick=\"copyStringToClipboard('&#x6d;&#x61;&#x74;&#x74;&#x69;&#x61;&#x73;&#x2e;&#x6c;&#x69;&#x6e;&#100;&#101;&#098;&#101;&#114;&#103;&#064;pablrd&#x65;&#x76;&#x2e;&#x73;&#x65;')\" data-done=\"Kopierat!\">Kopiera<\/button>\n                    <\/div>\n                                                            <\/div>\n        <\/div>\n    <\/div>\n<\/div>\n<script>\n    function copyStringToClipboard(str) {\n        \/\/ Create new element\n        var el = document.createElement(\"textarea\");\n        \/\/ Set value (string to be copied)\n        el.value = str;\n        \/\/ Set non-editable to avoid focus and move outside of view\n        el.setAttribute(\"readonly\", \"\");\n        el.style = {\n            position: \"absolute\",\n            left: \"-9999px\"\n        };\n        document.body.appendChild(el);\n        \/\/ Select text inside element\n        el.select();\n        \/\/ Copy text to clipboard\n        document.execCommand(\"copy\");\n        \/\/ Remove temporary element\n        document.body.removeChild(el);\n\n        \/\/ change inner text to done state\n        event.target.innerText = event.target.dataset.done;\n    }\n<\/script>\n    <\/div>\n<\/div>\n<\/div>\n\n\n\n<div class=\"wp-block-column is-layout-flow wp-block-column-is-layout-flow\" style=\"flex-basis:33.33%\"><div id=\"share-block_604624f9025b7\" class=\"acf-block share my-2\">\n    <div class=\"block__content\">\n        <div class=\"font-bold text-dark\">\n            Dela eller skriv ut        <\/div>\n        <div class=\"icons flex space-x-2 mt-1\">\n            <span class=\"link link--primary-icon\" style=\"height: 1.5rem;\">\n                <a class=\"flex items-end justify-center off\" href='https:\/\/www.linkedin.com\/sharing\/share-offsite\/?url=https:\/\/pablrdev.se\/kungalvsredovisning\/lediga-jobb\/' target='_blank' rel='noreferrer noopener' style=\"width: 1.5rem; height: 1.5rem;\">\n                    <i class=\"fab fa-linkedin\"><\/i>\n                <\/a>\n            <\/span>\n            <span class=\"link link--primary-icon\" style=\"height: 1.5rem;\">\n                <a class=\"flex items-end justify-center off\" href='https:\/\/www.facebook.com\/sharer\/sharer.php?u=https:\/\/pablrdev.se\/kungalvsredovisning\/lediga-jobb\/' target='_blank' rel='noreferrer noopener' style=\"width: 1.5rem; height: 1.5rem;\">\n                    <i class=\"fab fa-facebook-f\"><\/i>\n                <\/a>\n            <\/span>\n            <span class=\"link link--primary-icon\" style=\"height: 1.5rem;\">\n                <a class=\"flex items-end justify-center\" href='mailto:&#x6b;&#117;&#x6e;&#103;a&#x6c;&#118;&#64;&#x70;&#97;&#x62;&#x6c;r&#x64;&#101;v&#x2e;&#115;&#x65;?body=https%3A%2F%2Fpablrdev.se%2Fkungalvsredovisning%2Flediga-jobb%2F' target='_blank' rel='noreferrer noopener' style=\"width: 1.5rem; height: 1.5rem;\">\n                    <i class=\"fas fa-envelope\"><\/i>\n                <\/a>\n            <\/span>\n            <span class=\"link link--primary-icon\" style=\"height: 1.5rem;\">\n                <a class=\"flex items-end justify-center\" href='javascript:;' onclick=\"window.print();return false;\" target='_blank' rel='noreferrer noopener' style=\"width: 1.5rem; height: 1.5rem;\">\n                    <i class=\"fas fa-print\"><\/i>\n                <\/a>\n            <\/span>\n        <\/div>\n    <\/div>\n<\/div>\n<\/div>\n<\/div>\n","protected":false},"excerpt":{"rendered":"<p>Lediga jobb Vi \u00e4r intresserade av medarbetare som vill arbeta med redovisning, r\u00e5dgivning och revision i sm\u00e5 och medelstora f\u00f6retag. F\u00f6r att arbeta hos oss&#8230;<\/p>\n","protected":false},"author":1,"featured_media":1000001158,"parent":0,"menu_order":0,"comment_status":"closed","ping_status":"closed","template":"","meta":{"inline_featured_image":false,"footnotes":""},"page-category":[],"class_list":["post-1137","page","type-page","status-publish","has-post-thumbnail","hentry"],"acf":[],"publishpress_future_action":{"enabled":false,"date":"2026-05-20 13:03:10","action":"change-status","newStatus":"draft","terms":[],"taxonomy":"page-category","extraData":[]},"publishpress_future_workflow_manual_trigger":{"enabledWorkflows":[]},"_links":{"self":[{"href":"https:\/\/pablrdev.se\/kungalvsredovisning\/wp-json\/wp\/v2\/pages\/1137","targetHints":{"allow":["GET"]}}],"collection":[{"href":"https:\/\/pablrdev.se\/kungalvsredovisning\/wp-json\/wp\/v2\/pages"}],"about":[{"href":"https:\/\/pablrdev.se\/kungalvsredovisning\/wp-json\/wp\/v2\/types\/page"}],"author":[{"embeddable":true,"href":"https:\/\/pablrdev.se\/kungalvsredovisning\/wp-json\/wp\/v2\/users\/1"}],"replies":[{"embeddable":true,"href":"https:\/\/pablrdev.se\/kungalvsredovisning\/wp-json\/wp\/v2\/comments?post=1137"}],"version-history":[{"count":2,"href":"https:\/\/pablrdev.se\/kungalvsredovisning\/wp-json\/wp\/v2\/pages\/1137\/revisions"}],"predecessor-version":[{"id":1242,"href":"https:\/\/pablrdev.se\/kungalvsredovisning\/wp-json\/wp\/v2\/pages\/1137\/revisions\/1242"}],"wp:featuredmedia":[{"embeddable":true,"href":"https:\/\/pablrdev.se\/kungalvsredovisning\/wp-json\/"}],"wp:attachment":[{"href":"https:\/\/pablrdev.se\/kungalvsredovisning\/wp-json\/wp\/v2\/media?parent=1137"}],"wp:term":[{"taxonomy":"page-category","embeddable":true,"href":"https:\/\/pablrdev.se\/kungalvsredovisning\/wp-json\/wp\/v2\/page-category?post=1137"}],"curies":[{"name":"wp","href":"https:\/\/api.w.org\/{rel}","templated":true}]}}