{"id":30,"date":"2021-03-05T16:10:54","date_gmt":"2021-03-05T15:10:54","guid":{"rendered":"https:\/\/pablrdev.se\/ostergyllen-linkoping\/?page_id=30"},"modified":"2025-04-09T11:47:29","modified_gmt":"2025-04-09T09:47:29","slug":"kontakt","status":"publish","type":"page","link":"https:\/\/pablrdev.se\/ostergyllen-linkoping\/kontakt\/","title":{"rendered":"Kontakt"},"content":{"rendered":"<div id=\"template-posts-block_60b6300903ce8\" class=\"acf-block template-posts\">\n    <div class=\"block__content\">\n        <!-- wp:heading {\"textAlign\":\"center\"} -->\n<h2 class=\"title title--primary has-text-align-center\">Du har alltid n\u00e4ra till r\u00e5den du beh\u00f6ver i Link\u00f6ping<\/h2>\n<!-- \/wp:heading -->    <\/div>\n<\/div>\n\n\n<div id=\"employees-block_604249044ea11\" class=\"acf-block spacing-block employees\">\n    <div class=\"block__content\">\n                <div class=\"space-y-6 sm:space-y-0 item-grid item-grid--secondary\">\n            <div class=\"card card--primary max-w-md mx-auto p-10 w-full h-full items-center justify-center text-neutral text-lg hover:shadow-md transition-all duration-500 min-h-card\">\n    <div class=\"typography typography--wysiwyg\">\n        <h3><strong>Vi finns \u00e4ven i<\/strong><\/h3>\n<ul>\n<li><a class='link link--neutral' href=\"https:\/\/pablrdev.se\/ostergyllen-borensberg\/\">Borensberg<\/a><\/li>\n<li><a class='link link--neutral' href=\"https:\/\/pablrdev.se\/ostergyllen-motala\/\">Motala<\/a><\/li>\n<\/ul>\n<p>&nbsp;<\/p>\n    <\/div>\n<\/div>\n\n<div class=\"card card--primary card--vertical card--contact hover:shadow-md transition-all duration-500 border-t-8 border-primary max-w-md mx-auto \">\n        <header class=\"card__image card--vertical__image card--contact__image overflow-hidden\">\n        <img loading=\"lazy\" decoding=\"async\" width=\"560\" height=\"420\" src=\"https:\/\/pablrdev.se\/app\/uploads\/sites\/8\/2021\/03\/jan-andersson1-560x420.jpg\" class=\"h-full w-full object-contain\" alt=\"\" srcset=\"https:\/\/pablrdev.se\/app\/uploads\/sites\/8\/2021\/03\/jan-andersson1-560x420.jpg 560w, https:\/\/pablrdev.se\/app\/uploads\/sites\/8\/2021\/03\/jan-andersson1-768x576.jpg 768w, https:\/\/pablrdev.se\/app\/uploads\/sites\/8\/2021\/03\/jan-andersson1-1536x1152.jpg 1536w, https:\/\/pablrdev.se\/app\/uploads\/sites\/8\/2021\/03\/jan-andersson1-2048x1536.jpg 2048w, https:\/\/pablrdev.se\/app\/uploads\/sites\/8\/2021\/03\/jan-andersson1-1320x990.jpg 1320w\" sizes=\"auto, (max-width: 560px) 100vw, 560px\" \/>    <\/header>\n        <div class=\"card__content card--secondary card--vertical__content card--contact__content\">\n        <div class=\"card__body\">\n                            <h2 class=\"card__title title title--primary text-xl my-0\">Jan Andersson<\/h2>\n                                            <div class=\"flex flex-col mb-3\">\n                                                    <div class=\"card__work-title font-bold text-sm leading-5\">Auktoriserad revisor FAR<\/div>\n                                            <\/div>\n                                                        <div class=\"phone flex items-start mb-1\">\n                    <i class=\"fas fa-phone-alt mr-4 mt-1\" style=\"width:1.1rem; height: 1.1rem;\"><\/i>\n                                            <div class=\"flex flex-col\">\n                                                            <a class=\"phone link leading-6\" href=\"tel:013316085\">\n                                    013-31 60 85                                <\/a>\n                                                    <\/div>\n                                    <\/div>\n                                        <div class=\"card__email card--vertical__email card--contact__email flex justify-start items-center mb-1\">\n                    <i class=\"fas fa-envelope mr-4\" style=\"width:1.1rem; height: 1.1rem;\"><\/i>\n                    <a class=\"link link--default link--no-padding\" href=\"mailto:&#x6a;&#097;n&#x2e;&#097;&#110;&#x64;&#x65;&#114;s&#x73;&#111;n&#x40;&#x70;&#097;b&#x6c;&#114;d&#x65;&#x76;&#046;s&#x65;\">\n                        &#x6a;&#097;n&#x2e;&#097;&#110;&#x64;&#x65;&#114;s&#x73;&#111;n&#x40;&#x70;&#097;b&#x6c;&#114;d&#x65;&#x76;&#046;s&#x65;                    <\/a>\n                <\/div>\n                                                        <\/div>\n    <\/div>\n<\/div>\n\n<div class=\"card card--primary card--vertical card--contact hover:shadow-md transition-all duration-500 border-t-8 border-primary max-w-md mx-auto \">\n        <header class=\"card__image card--vertical__image card--contact__image overflow-hidden\">\n        <img loading=\"lazy\" decoding=\"async\" width=\"560\" height=\"420\" src=\"https:\/\/pablrdev.se\/app\/uploads\/sites\/8\/2021\/08\/kent-andersson-1-560x420.jpg\" class=\"h-full w-full object-contain\" alt=\"\" srcset=\"https:\/\/pablrdev.se\/app\/uploads\/sites\/8\/2021\/08\/kent-andersson-1-560x420.jpg 560w, https:\/\/pablrdev.se\/app\/uploads\/sites\/8\/2021\/08\/kent-andersson-1-768x576.jpg 768w, https:\/\/pablrdev.se\/app\/uploads\/sites\/8\/2021\/08\/kent-andersson-1-1536x1152.jpg 1536w, https:\/\/pablrdev.se\/app\/uploads\/sites\/8\/2021\/08\/kent-andersson-1-2048x1536.jpg 2048w, https:\/\/pablrdev.se\/app\/uploads\/sites\/8\/2021\/08\/kent-andersson-1-1320x990.jpg 1320w\" sizes=\"auto, (max-width: 560px) 100vw, 560px\" \/>    <\/header>\n        <div class=\"card__content card--secondary card--vertical__content card--contact__content\">\n        <div class=\"card__body\">\n                            <h2 class=\"card__title title title--primary text-xl my-0\">Kent Andersson<\/h2>\n                                            <div class=\"flex flex-col mb-3\">\n                                                    <div class=\"card__work-title font-bold text-sm leading-5\">Civilekonom<\/div>\n                                            <\/div>\n                                                        <div class=\"phone flex items-start mb-1\">\n                    <i class=\"fas fa-phone-alt mr-4 mt-1\" style=\"width:1.1rem; height: 1.1rem;\"><\/i>\n                                            <div class=\"flex flex-col\">\n                                                            <a class=\"phone link leading-6\" href=\"tel:013316093\">\n                                    013-31 60 93                                <\/a>\n                                                    <\/div>\n                                    <\/div>\n                                        <div class=\"card__email card--vertical__email card--contact__email flex justify-start items-center mb-1\">\n                    <i class=\"fas fa-envelope mr-4\" style=\"width:1.1rem; height: 1.1rem;\"><\/i>\n                    <a class=\"link link--default link--no-padding\" href=\"mailto:&#x6b;e&#x6e;&#116;&#046;&#x61;&#110;&#x64;&#101;r&#x73;&#115;&#x6f;&#110;&#064;&#x70;&#097;&#x62;&#x6c;r&#x64;&#101;v&#x2e;&#115;&#x65;\">\n                        &#x6b;e&#x6e;&#116;&#046;&#x61;&#110;&#x64;&#101;r&#x73;&#115;&#x6f;&#110;&#064;&#x70;&#097;&#x62;&#x6c;r&#x64;&#101;v&#x2e;&#115;&#x65;                    <\/a>\n                <\/div>\n                                                        <\/div>\n    <\/div>\n<\/div>\n\n<div class=\"card card--primary card--vertical card--contact hover:shadow-md transition-all duration-500 border-t-8 border-primary max-w-md mx-auto \">\n        <header class=\"card__image card--vertical__image card--contact__image overflow-hidden\">\n        <img loading=\"lazy\" decoding=\"async\" width=\"560\" height=\"420\" src=\"https:\/\/pablrdev.se\/app\/uploads\/sites\/8\/2021\/10\/ylva-svardsen-nordstrom1-560x420.jpg\" class=\"h-full w-full object-contain\" alt=\"\" srcset=\"https:\/\/pablrdev.se\/app\/uploads\/sites\/8\/2021\/10\/ylva-svardsen-nordstrom1-560x420.jpg 560w, https:\/\/pablrdev.se\/app\/uploads\/sites\/8\/2021\/10\/ylva-svardsen-nordstrom1-768x576.jpg 768w, https:\/\/pablrdev.se\/app\/uploads\/sites\/8\/2021\/10\/ylva-svardsen-nordstrom1-1536x1152.jpg 1536w, https:\/\/pablrdev.se\/app\/uploads\/sites\/8\/2021\/10\/ylva-svardsen-nordstrom1-2048x1536.jpg 2048w, https:\/\/pablrdev.se\/app\/uploads\/sites\/8\/2021\/10\/ylva-svardsen-nordstrom1-1320x990.jpg 1320w\" sizes=\"auto, (max-width: 560px) 100vw, 560px\" \/>    <\/header>\n        <div class=\"card__content card--secondary card--vertical__content card--contact__content\">\n        <div class=\"card__body\">\n                            <h2 class=\"card__title title title--primary text-xl my-0\">Ylva Sv\u00e4rds\u00e9n Nordstr\u00f6m<\/h2>\n                                            <div class=\"flex flex-col mb-3\">\n                                                    <div class=\"card__work-title font-bold text-sm leading-5\">Redovisningskonsult<\/div>\n                                            <\/div>\n                                                        <div class=\"phone flex items-start mb-1\">\n                    <i class=\"fas fa-phone-alt mr-4 mt-1\" style=\"width:1.1rem; height: 1.1rem;\"><\/i>\n                                            <div class=\"flex flex-col\">\n                                                            <a class=\"phone link leading-6\" href=\"tel:013316087\">\n                                    013-31 60 87                                <\/a>\n                                                    <\/div>\n                                    <\/div>\n                                        <div class=\"card__email card--vertical__email card--contact__email flex justify-start items-center mb-1\">\n                    <i class=\"fas fa-envelope mr-4\" style=\"width:1.1rem; height: 1.1rem;\"><\/i>\n                    <a class=\"link link--default link--no-padding\" href=\"mailto:&#121;&#x6c;v&#097;&#x2e;s&#118;&#x61;r&#x64;&#x73;&#101;&#x6e;&#046;&#110;&#x6f;r&#100;&#x73;t&#x72;&#x6f;&#109;&#x40;&#x70;&#097;&#x62;l&#114;&#x64;e&#118;&#x2e;s&#x65;\">\n                        &#121;&#x6c;v&#097;&#x2e;s&#118;&#x61;r&#x64;&#x73;&#101;&#x6e;&#046;&#110;&#x6f;r&#100;&#x73;t&#x72;&#x6f;&#109;&#x40;&#x70;&#097;&#x62;l&#114;&#x64;e&#118;&#x2e;s&#x65;                    <\/a>\n                <\/div>\n                                                        <\/div>\n    <\/div>\n<\/div>\n\n<div class=\"card card--primary card--vertical card--contact hover:shadow-md transition-all duration-500 border-t-8 border-primary max-w-md mx-auto \">\n        <header class=\"card__image card--vertical__image card--contact__image overflow-hidden\">\n        <img loading=\"lazy\" decoding=\"async\" width=\"560\" height=\"420\" src=\"https:\/\/pablrdev.se\/app\/uploads\/sites\/8\/2021\/09\/henrik-plannander-1-560x420.jpg\" class=\"h-full w-full object-contain\" alt=\"\" srcset=\"https:\/\/pablrdev.se\/app\/uploads\/sites\/8\/2021\/09\/henrik-plannander-1-560x420.jpg 560w, https:\/\/pablrdev.se\/app\/uploads\/sites\/8\/2021\/09\/henrik-plannander-1-768x576.jpg 768w, https:\/\/pablrdev.se\/app\/uploads\/sites\/8\/2021\/09\/henrik-plannander-1-1536x1152.jpg 1536w, https:\/\/pablrdev.se\/app\/uploads\/sites\/8\/2021\/09\/henrik-plannander-1-2048x1536.jpg 2048w, https:\/\/pablrdev.se\/app\/uploads\/sites\/8\/2021\/09\/henrik-plannander-1-1320x990.jpg 1320w\" sizes=\"auto, (max-width: 560px) 100vw, 560px\" \/>    <\/header>\n        <div class=\"card__content card--secondary card--vertical__content card--contact__content\">\n        <div class=\"card__body\">\n                            <h2 class=\"card__title title title--primary text-xl my-0\">Henrik Planander<\/h2>\n                                            <div class=\"flex flex-col mb-3\">\n                                                    <div class=\"card__work-title font-bold text-sm leading-5\">Redovisningskonsult<\/div>\n                                            <\/div>\n                                                        <div class=\"phone flex items-start mb-1\">\n                    <i class=\"fas fa-phone-alt mr-4 mt-1\" style=\"width:1.1rem; height: 1.1rem;\"><\/i>\n                                            <div class=\"flex flex-col\">\n                                                            <a class=\"phone link leading-6\" href=\"tel:013316083\">\n                                    013-31 60 83                                <\/a>\n                                                    <\/div>\n                                    <\/div>\n                                        <div class=\"card__email card--vertical__email card--contact__email flex justify-start items-center mb-1\">\n                    <i class=\"fas fa-envelope mr-4\" style=\"width:1.1rem; height: 1.1rem;\"><\/i>\n                    <a class=\"link link--default link--no-padding\" href=\"mailto:&#104;&#101;&#x6e;&#x72;&#105;&#107;&#x2e;&#x70;&#108;&#097;&#x6e;&#x61;&#110;&#100;&#x65;&#x72;&#064;&#112;&#x61;&#x62;&#108;&#114;&#x64;&#x65;&#118;&#046;&#x73;&#x65;\">\n                        &#104;&#101;&#x6e;&#x72;&#105;&#107;&#x2e;&#x70;&#108;&#097;&#x6e;&#x61;&#110;&#100;&#x65;&#x72;&#064;&#112;&#x61;&#x62;&#108;&#114;&#x64;&#x65;&#118;&#046;&#x73;&#x65;                    <\/a>\n                <\/div>\n                                                        <\/div>\n    <\/div>\n<\/div>\n\n<div class=\"card card--primary card--vertical card--contact hover:shadow-md transition-all duration-500 border-t-8 border-primary max-w-md mx-auto \">\n        <header class=\"card__image card--vertical__image card--contact__image overflow-hidden\">\n        <img loading=\"lazy\" decoding=\"async\" width=\"560\" height=\"420\" src=\"https:\/\/pablrdev.se\/app\/uploads\/sites\/8\/2022\/09\/lisa-shiner1-560x420.jpg\" class=\"h-full w-full object-contain\" alt=\"\" srcset=\"https:\/\/pablrdev.se\/app\/uploads\/sites\/8\/2022\/09\/lisa-shiner1-560x420.jpg 560w, https:\/\/pablrdev.se\/app\/uploads\/sites\/8\/2022\/09\/lisa-shiner1-768x576.jpg 768w, https:\/\/pablrdev.se\/app\/uploads\/sites\/8\/2022\/09\/lisa-shiner1-1536x1152.jpg 1536w, https:\/\/pablrdev.se\/app\/uploads\/sites\/8\/2022\/09\/lisa-shiner1-2048x1536.jpg 2048w, https:\/\/pablrdev.se\/app\/uploads\/sites\/8\/2022\/09\/lisa-shiner1-1320x990.jpg 1320w\" sizes=\"auto, (max-width: 560px) 100vw, 560px\" \/>    <\/header>\n        <div class=\"card__content card--secondary card--vertical__content card--contact__content\">\n        <div class=\"card__body\">\n                            <h2 class=\"card__title title title--primary text-xl my-0\">Lisa Shiner<\/h2>\n                                            <div class=\"flex flex-col mb-3\">\n                                                    <div class=\"card__work-title font-bold text-sm leading-5\">Redovisningskonsult<\/div>\n                                            <\/div>\n                                                        <div class=\"phone flex items-start mb-1\">\n                    <i class=\"fas fa-phone-alt mr-4 mt-1\" style=\"width:1.1rem; height: 1.1rem;\"><\/i>\n                                            <div class=\"flex flex-col\">\n                                                            <a class=\"phone link leading-6\" href=\"tel:013316092\">\n                                    013-31 60 92                                <\/a>\n                                                    <\/div>\n                                    <\/div>\n                                        <div class=\"card__email card--vertical__email card--contact__email flex justify-start items-center mb-1\">\n                    <i class=\"fas fa-envelope mr-4\" style=\"width:1.1rem; height: 1.1rem;\"><\/i>\n                    <a class=\"link link--default link--no-padding\" href=\"mailto:&#x6c;&#x69;&#115;&#097;&#046;s&#x68;&#x69;&#x6e;&#101;&#114;&#064;p&#x61;&#x62;&#x6c;&#114;&#100;e&#x76;&#x2e;&#x73;&#101;\">\n                        &#x6c;&#x69;&#115;&#097;&#046;s&#x68;&#x69;&#x6e;&#101;&#114;&#064;p&#x61;&#x62;&#x6c;&#114;&#100;e&#x76;&#x2e;&#x73;&#101;                    <\/a>\n                <\/div>\n                                                        <\/div>\n    <\/div>\n<\/div>\n\n<div class=\"card card--primary card--vertical card--contact hover:shadow-md transition-all duration-500 border-t-8 border-primary max-w-md mx-auto \">\n        <header class=\"card__image card--vertical__image card--contact__image overflow-hidden\">\n        <img loading=\"lazy\" decoding=\"async\" width=\"560\" height=\"420\" src=\"https:\/\/pablrdev.se\/app\/uploads\/sites\/8\/2024\/11\/konstantino-lambropuolos-560x420.jpg\" class=\"h-full w-full object-contain\" alt=\"\" srcset=\"https:\/\/pablrdev.se\/app\/uploads\/sites\/8\/2024\/11\/konstantino-lambropuolos-560x420.jpg 560w, https:\/\/pablrdev.se\/app\/uploads\/sites\/8\/2024\/11\/konstantino-lambropuolos-768x576.jpg 768w, https:\/\/pablrdev.se\/app\/uploads\/sites\/8\/2024\/11\/konstantino-lambropuolos.jpg 1067w\" sizes=\"auto, (max-width: 560px) 100vw, 560px\" \/>    <\/header>\n        <div class=\"card__content card--secondary card--vertical__content card--contact__content\">\n        <div class=\"card__body\">\n                            <h2 class=\"card__title title title--primary text-xl my-0\">Konstantinos Lambropuolos<\/h2>\n                                            <div class=\"flex flex-col mb-3\">\n                                                    <div class=\"card__work-title font-bold text-sm leading-5\">Redovisningskonsult<\/div>\n                                            <\/div>\n                                                        <div class=\"phone flex items-start mb-1\">\n                    <i class=\"fas fa-phone-alt mr-4 mt-1\" style=\"width:1.1rem; height: 1.1rem;\"><\/i>\n                                            <div class=\"flex flex-col\">\n                                                            <a class=\"phone link leading-6\" href=\"tel:013316084\">\n                                    013-31 60 84                                <\/a>\n                                                    <\/div>\n                                    <\/div>\n                                        <div class=\"card__email card--vertical__email card--contact__email flex justify-start items-center mb-1\">\n                    <i class=\"fas fa-envelope mr-4\" style=\"width:1.1rem; height: 1.1rem;\"><\/i>\n                    <a class=\"link link--default link--no-padding\" href=\"mailto:&#107;&#x6f;&#110;&#x73;&#116;&#x61;&#110;&#x74;&#105;&#x6e;&#111;&#x73;&#046;&#x6c;&#097;&#x6d;&#098;&#x72;&#111;&#x70;&#111;&#x75;&#108;&#x6f;&#115;&#x40;p&#x61;b&#x6c;r&#x64;e&#x76;&#046;&#x73;e\">\n                        &#107;&#x6f;&#110;&#x73;&#116;&#x61;&#110;&#x74;&#105;&#x6e;&#111;&#x73;&#046;&#x6c;&#097;&#x6d;&#098;&#x72;&#111;&#x70;&#111;&#x75;&#108;&#x6f;&#115;&#x40;p&#x61;b&#x6c;r&#x64;e&#x76;&#046;&#x73;e                    <\/a>\n                <\/div>\n                                                        <\/div>\n    <\/div>\n<\/div>\n<div class=\"card card--tertiary max-w-md mx-auto p-10 w-full h-full justify-center text-xl text-neutral hover:shadow-md transition-all duration-500 min-h-card\">\n    <div class=\"font-bold text-center\">\n        F\u00f6lj oss p\u00e5 sociala medier        <div class=\"flex justify-center mt-6\">\n                    <span\n            class=\"link link--tertiary hover:bg-dark hover:bg-opacity-25 rounded-full p-2 transition-all duration-500 ease-in-out\"\n            style=\"height: 2.5rem; width:2.5rem;\"\n        >\n            <a\n                class=\"flex items-center justify-center off\"\n                href='https:\/\/www.facebook.com\/LR-Revision-Redovisning-%C3%96stergyllen-AB-1328437203873151'\n                target='_blank' rel='noreferrer noopener'\n                style=\"width: 1.5rem; height: 1.5rem;\"\n            >\n                <i class=\"fab fa-facebook-f\"><\/i>            <\/a>\n        <\/span>\n            <span\n            class=\"link link--tertiary hover:bg-dark hover:bg-opacity-25 rounded-full p-2 transition-all duration-500 ease-in-out\"\n            style=\"height: 2.5rem; width:2.5rem;\"\n        >\n            <a\n                class=\"flex items-center justify-center off\"\n                href='https:\/\/www.linkedin.com\/company\/lr-ostergyllen'\n                target='_blank' rel='noreferrer noopener'\n                style=\"width: 1.5rem; height: 1.5rem;\"\n            >\n                <i class=\"fab fa-linkedin\"><\/i>            <\/a>\n        <\/span>\n            <\/div>\n    <\/div>\n<\/div>\n        <\/div>\n    <\/div>\n<\/div>\n\n\n<div id=\"map-block_6045d1e31abd8\" class=\"acf-block spacing-block map end-equalizer\">\n    <div class=\"block__content margin-fix\">\n                    <div class=\"typography text-max-width text-center mb-8\">\n                <h2 style=\"text-align: center\" class=\"title title--primary\">Hitta hit<\/h2>\n            <\/div>\n                <div class=\"members-map relative\">\n            <div class=\"members-map__map google-map\">\n                <div\n    class=\"marker\"\n    data-lat=\"58.4122152\"\n    data-lng=\"15.6259023\"\n>\n    <div class=\"marker__body\">\n        <h3 class=\"marker__title title title--primary title--hyphenate mt-0\">\n            LR Revision &amp; Redovisning \u00d6stergyllen Link\u00f6ping        <\/h3>\n        <div class=\"marker__content text-sm font-light\">\n                    <\/div>\n        <p class=\"address\">\n            Badhusgatan 4, 582 22 Link\u00f6ping, Sverige        <\/p>\n    <\/div>\n<\/div>\n            <\/div>\n        <\/div>\n    <\/div>\n<\/div>\n","protected":false},"excerpt":{"rendered":"","protected":false},"author":1,"featured_media":0,"parent":0,"menu_order":0,"comment_status":"closed","ping_status":"closed","template":"","meta":{"inline_featured_image":false,"footnotes":""},"page-category":[],"class_list":["post-30","page","type-page","status-publish","hentry"],"acf":[],"publishpress_future_action":{"enabled":false,"date":"2026-05-20 13:20:20","action":"change-status","newStatus":"draft","terms":[],"taxonomy":"page-category","extraData":[]},"publishpress_future_workflow_manual_trigger":{"enabledWorkflows":[]},"_links":{"self":[{"href":"https:\/\/pablrdev.se\/ostergyllen-linkoping\/wp-json\/wp\/v2\/pages\/30","targetHints":{"allow":["GET"]}}],"collection":[{"href":"https:\/\/pablrdev.se\/ostergyllen-linkoping\/wp-json\/wp\/v2\/pages"}],"about":[{"href":"https:\/\/pablrdev.se\/ostergyllen-linkoping\/wp-json\/wp\/v2\/types\/page"}],"author":[{"embeddable":true,"href":"https:\/\/pablrdev.se\/ostergyllen-linkoping\/wp-json\/wp\/v2\/users\/1"}],"replies":[{"embeddable":true,"href":"https:\/\/pablrdev.se\/ostergyllen-linkoping\/wp-json\/wp\/v2\/comments?post=30"}],"version-history":[{"count":2,"href":"https:\/\/pablrdev.se\/ostergyllen-linkoping\/wp-json\/wp\/v2\/pages\/30\/revisions"}],"predecessor-version":[{"id":2045,"href":"https:\/\/pablrdev.se\/ostergyllen-linkoping\/wp-json\/wp\/v2\/pages\/30\/revisions\/2045"}],"wp:attachment":[{"href":"https:\/\/pablrdev.se\/ostergyllen-linkoping\/wp-json\/wp\/v2\/media?parent=30"}],"wp:term":[{"taxonomy":"page-category","embeddable":true,"href":"https:\/\/pablrdev.se\/ostergyllen-linkoping\/wp-json\/wp\/v2\/page-category?post=30"}],"curies":[{"name":"wp","href":"https:\/\/api.w.org\/{rel}","templated":true}]}}