{"id":1195,"date":"2021-03-08T15:17:26","date_gmt":"2021-03-08T13:17:26","guid":{"rendered":"https:\/\/pablrdev.se\/revisionredovisninggotland\/lediga-jobb\/"},"modified":"2023-09-11T18:05:33","modified_gmt":"2023-09-11T16:05:33","slug":"lediga-jobb","status":"publish","type":"page","link":"https:\/\/pablrdev.se\/revisionredovisninggotland\/lediga-jobb\/","title":{"rendered":"Lediga jobb"},"content":{"rendered":"\n<div class=\"wp-block-columns is-layout-flex wp-container-core-columns-is-layout-9d6595d7 wp-block-columns-is-layout-flex\">\n<div class=\"wp-block-column is-layout-flow wp-block-column-is-layout-flow\" style=\"flex-basis:70%\">\n<h1 class=\"title title--primary wp-block-heading\" id=\"lediga-jobb\">Lediga jobb<\/h1>\n\n\n\n<p>Vi \u00e4r intresserade av medarbetare som vill arbeta med redovisning, r\u00e5dgivning och revision i sm\u00e5 och medelstora f\u00f6retag. F\u00f6r att arbeta hos oss \u00e4r r\u00e4tt kompetens en n\u00f6dv\u00e4ndighet, men \u00e4n viktigare \u00e4r ditt engagemang. <a href=\"https:\/\/pablrdev.se\/revisionredovisninggotland\/kontakt\" target=\"_blank\" rel=\"noreferrer noopener\">Kontakta oss<\/a> om du \u00e4r intresserad.<\/p>\n\n\n<div id=\"jobs-block_6058b0aa7c0ef\" class=\"acf-block jobs\">\n    <div class=\"block__content space-y-4 spacing-block\">\n        \n<div class=\"accordion max-w-5xl mx-auto slide-component bg-tertiary shadow-sm\">\n    <div class=\"slide-toggle flex font-bold justify-between items-center py-5 px-8\">\n        <div class=\"max-w-content pointer-events-none pr-4 mr-auto\">\n            <div class=\"text-md font-bold\">\n                Revisor, revisorsassistent eller redovisningsekonom s\u00f6kes            <\/div>\n            <div class=\"text-sm font-light\">\n                            <\/div>\n        <\/div>\n        <i class='fas fa-chevron-down pointer-events-none'><\/i>\n    <\/div>\n    <div class=\"card__content typography hidden slide-content bg-neutral\">\n        <div class=\"md:flex\">\n            <div class=\"md:w-7\/12 p-8\">\n                <div class=\"max-w-4xl max-w-content\">\n                    <p style=\"margin: 0cm; background: white;\"><span style=\"font-size: 11.5pt; font-family: 'Arial',sans-serif; color: #222222;\">\u00c4r du redo att byta milj\u00f6 och vill arbeta p\u00e5 en professionell och familj\u00e4r byr\u00e5 med fokus p\u00e5 framtidens utmaningar? Hos oss har du stora m\u00f6jligheter att p\u00e5verka ditt arbete och att i framtiden vara med och driva byr\u00e5n.<\/span><\/p>\n<p style=\"background: white; box-sizing: inherit; margin: 1rem 0px 0px; word-break: break-word; overflow-wrap: break-word; animation-duration: 0s !important; transition-duration: 0s !important;\"><span style=\"font-size: 11.5pt; font-family: 'Arial',sans-serif; color: #222222;\">Arbetar du inom revision- eller redovisningsbranschen och vill ha nya utmaningar? \u00c4r du utbildad ekonom och vill utveckla dig vidare inom revision- eller redovisningsyrket? Vi s\u00f6ker dig som antingen \u00e4r revisor, arbetar som revisorsassistent eller redovisningsekonom. Vi beh\u00f6ver f\u00f6rst\u00e4rka v\u00e5rt team d\u00e5 vi \u00e4r i en f\u00f6ryngringsprocess.<\/span><\/p>\n<p style=\"background: white; box-sizing: inherit; margin: 1rem 0px 0px; word-break: break-word; overflow-wrap: break-word; animation-duration: 0s !important; transition-duration: 0s !important;\"><span style=\"font-size: 11.5pt; font-family: 'Arial',sans-serif; color: #222222;\">Hos oss har du stora m\u00f6jligheter att utvecklas och f\u00e5 en ledande position p\u00e5 byr\u00e5n.<\/span><\/p>\n<p style=\"background: white; box-sizing: inherit; margin: 1rem 0px 0px; word-break: break-word; overflow-wrap: break-word; animation-duration: 0s !important; transition-duration: 0s !important;\"><strong><span style=\"font-size: 11.5pt; font-family: 'Arial',sans-serif; color: #222222; border: solid #E2E8F0 1.0pt; padding: 0cm;\">Vi s\u00f6ker dig som<\/span><\/strong><span style=\"font-size: 11.5pt; font-family: 'Arial',sans-serif; color: #222222;\">\u00a0har en drivkraft och en vilja till vidareutveckling vad det g\u00e4ller sakfr\u00e5gor inom revision och redovisning samt att l\u00e4ra sig nya verksamheter och uppgifter. \u00a0Du \u00e4r sj\u00e4lvst\u00e4ndig, social och positiv och har l\u00e4tt f\u00f6r att arbeta tillsammans med andra. Du beh\u00f6ver \u00e4ven vara serviceinriktad d\u00e5 arbetet inneh\u00e5ller m\u00e5nga kundkontakter. Viktigt att du kan uttrycka dig v\u00e4l i b\u00e5de tal och skrift. H\u00f6gskoleutbildning inom ekonomi \u00e4r meriterande.<\/span><\/p>\n<p style=\"background: white; box-sizing: inherit; margin: 1rem 0px 0px; word-break: break-word; overflow-wrap: break-word; animation-duration: 0s !important; transition-duration: 0s !important;\"><strong><span style=\"font-size: 11.5pt; font-family: 'Arial',sans-serif; color: #222222; border: solid #E2E8F0 1.0pt; padding: 0cm;\">Vi kan erbjuda\u00a0<\/span><\/strong><span style=\"font-size: 11.5pt; font-family: 'Arial',sans-serif; color: #222222;\">dig m\u00f6jligheten att arbeta i en utvecklande och positiv arbetsmilj\u00f6. Vi \u00e4r en mindre byr\u00e5 med korta beslutsv\u00e4gar d\u00e4r du kan p\u00e5verka ditt och byr\u00e5ns arbete. P\u00e5 byr\u00e5n finns l\u00e5ng erfarenhet inom b\u00e5de revision och redovisning. Vi arbetar n\u00e4ra varandra, i en v\u00e4nskaplig milj\u00f6, d\u00e4r vi st\u00f6ttar och delger varandra kunskap.<\/span><\/p>\n<p style=\"background: white; box-sizing: inherit; margin: 1rem 0px 0px; word-break: break-word; overflow-wrap: break-word; animation-duration: 0s !important; transition-duration: 0s !important;\"><span style=\"font-size: 11.5pt; font-family: 'Arial',sans-serif; color: #222222;\">Fr\u00e5gor om tj\u00e4nsten besvaras av;<br \/>\nBarbro Hallgren, tfn 076 239 74 22,\u00a0<a href=\"&#x6d;&#x61;&#x69;&#108;&#116;&#111;:b&#x61;&#x72;&#x62;&#x72;&#111;&#46;ha&#x6c;&#x6c;&#x67;&#x72;&#101;&#110;&#64;p&#x61;&#x62;&#x6c;&#x72;&#100;&#101;&#118;&#46;s&#x65;\"><b><span style=\"border: solid #E2E8F0 1.0pt; padding: 0cm;\">&#x62;&#97;r&#x62;&#x72;&#111;&#46;&#x68;&#x61;&#108;l&#x67;&#x72;&#101;n&#x40;&#x70;&#97;b&#x6c;&#114;&#100;e&#x76;&#46;s&#x65;<\/span><\/b><\/a><br \/>\nEmma J\u00e4rl\u00f6, tfn 070 439 03 01,\u00a0<a href=\"&#109;a&#x69;l&#x74;o&#x3a;e&#x6d;&#109;&#x61;&#46;&#x6a;&#97;&#x72;&#108;o&#64;p&#x61;b&#x6c;r&#x64;&#101;&#x76;&#46;&#x73;&#101;\"><b><span style=\"border: solid #E2E8F0 1.0pt; padding: 0cm;\">emma&#46;&#106;&#97;&#114;&#108;&#111;&#64;&#x70;&#x61;&#x62;&#x6c;&#x72;&#x64;&#x65;&#x76;&#x2e;se<\/span><\/b><\/a><\/span><\/p>\n<p style=\"background: white; box-sizing: inherit; margin: 1rem 0px 0px; word-break: break-word; overflow-wrap: break-word; animation-duration: 0s !important; transition-duration: 0s !important;\"><strong><span style=\"font-size: 11.5pt; font-family: 'Arial',sans-serif; color: #222222; border: solid #E2E8F0 1.0pt; padding: 0cm;\">V\u00e4lkommen med din ans\u00f6kan<\/span><\/strong><span style=\"font-size: 11.5pt; font-family: 'Arial',sans-serif; color: #222222;\">. Urval och intervjuer sker l\u00f6pande under ans\u00f6kningstiden.<\/span><\/p>\n<p style=\"background: white; box-sizing: inherit; margin: 1rem 0px 0px; word-break: break-word; overflow-wrap: break-word; animation-duration: 0s !important; transition-duration: 0s !important;\"><span style=\"font-size: 11.5pt; font-family: 'Arial',sans-serif; color: #222222;\">Sista dagen att ans\u00f6ka \u00e4r <strong>15 september 2025<\/strong>. Ans\u00f6kan skickas till:\u00a0<a href=\"&#x6d;a&#x69;&#108;&#x74;&#111;:&#x62;&#97;&#x72;&#98;r&#x6f;&#46;&#x68;&#97;l&#x6c;g&#x72;&#101;&#x6e;&#x40;p&#x61;&#98;&#x6c;&#114;d&#x65;&#118;&#x2e;&#115;e\"><b><span style=\"border: solid #E2E8F0 1.0pt; padding: 0cm;\">&#x62;&#97;r&#x62;&#114;o&#x2e;&#x68;&#97;&#x6c;&#x6c;&#103;r&#x65;&#110;&#64;&#x70;&#x61;&#98;&#x6c;&#x72;&#100;e&#x76;&#46;s&#x65;<\/span><\/b><\/a><\/span><\/p>\n<p style=\"background: white;\"><span style=\"font-size: 11.5pt; font-family: 'Arial',sans-serif; color: #222222;\">Tillsvidareanst\u00e4llning heltid eller deltid med tilltr\u00e4de enligt \u00f6nskem\u00e5l.<\/span><\/p>\n<p style=\"background: white; box-sizing: inherit; margin: 1rem 0px 0px; word-break: break-word; overflow-wrap: break-word; animation-duration: 0s !important; transition-duration: 0s !important;\"><strong><span style=\"font-size: 11.5pt; font-family: 'Arial',sans-serif; color: #222222; border: solid #E2E8F0 1.0pt; padding: 0cm;\">Revision och Redovisning p\u00e5 Gotland<\/span><\/strong><span style=\"font-size: 11.5pt; font-family: 'Arial',sans-serif; color: #222222;\">\u00a0\u00e4r en byr\u00e5 med 7 medarbetare som fr\u00e4mst drivs fr\u00e5n v\u00e5rt kontor i Visby men vi har \u00e4ven kontor i Hemse. V\u00e5ra kunder \u00e4r mindre och medelstora \u00e4garledda f\u00f6retag som verkar i de flesta branscher. F\u00f6rutom att vi utf\u00f6r revision bist\u00e5r vi v\u00e5ra kunder med bokslut, \u00e5rsredovisningar, deklarationer, skattefr\u00e5gor, r\u00e5dgivning och l\u00f6pande bokf\u00f6ring mm. En av v\u00e5ra viktiga styrkor \u00e4r den lokala f\u00f6rankringen men vi ing\u00e5r ocks\u00e5 i ett rikst\u00e4ckande n\u00e4tverk, LR Revision &amp; Redovisning samt i det internationella n\u00e4tverket Russel Bedford. L\u00e4s g\u00e4rna mer om oss p\u00e5<\/span><\/p>\n<p style=\"background: white; box-sizing: inherit; margin: 1rem 0px 0px; word-break: break-word; overflow-wrap: break-word; animation-duration: 0s !important; transition-duration: 0s !important;\"><span style=\"font-size: 11.5pt; font-family: 'Arial',sans-serif; color: #222222;\"><a href=\"https:\/\/pablrdev.se\/revisionredovisninggotland\/\"><b><span style=\"border: solid #E2E8F0 1.0pt; padding: 0cm;\">https:\/\/pablrdev.se\/revisionredovisninggotland\/<\/span><\/b><\/a><\/span><\/p>\n                <\/div>\n            <\/div>\n            <div class=\"md:w-5\/12 p-8\">\n                <div class=\"text-md font-bold mb-4\">\n                    Ans\u00f6kan                <\/div>\n                                    <div class=\"email-copy flex justify-between bg-tertiary mb-4\">\n                        <a href=\"mailto:&#x62;&#097;r&#x62;&#114;o&#x2e;&#104;a&#x6c;&#x6c;&#103;&#x72;&#x65;&#110;&#064;&#x70;&#097;b&#x6c;&#114;d&#x65;&#x76;&#046;&#x73;&#x65;\" class=\"flex-1 p-4 link link--primary font-normal h-full\">\n                            &#x62;&#097;r&#x62;&#114;o&#x2e;&#104;a&#x6c;&#x6c;&#103;&#x72;&#x65;&#110;&#064;&#x70;&#097;b&#x6c;&#114;d&#x65;&#x76;&#046;&#x73;&#x65;                        <\/a>\n                        <button class=\"button button--primary button--no-margin\" onClick=\"copyStringToClipboard('&#x62;&#097;r&#x62;&#114;o&#x2e;&#104;a&#x6c;&#x6c;&#103;&#x72;&#x65;&#110;&#064;&#x70;&#097;b&#x6c;&#114;d&#x65;&#x76;&#046;&#x73;&#x65;')\" data-done=\"Kopierat!\">Kopiera<\/button>\n                    <\/div>\n                                                            <\/div>\n        <\/div>\n    <\/div>\n<\/div>\n<script>\n    function copyStringToClipboard(str) {\n        \/\/ Create new element\n        var el = document.createElement(\"textarea\");\n        \/\/ Set value (string to be copied)\n        el.value = str;\n        \/\/ Set non-editable to avoid focus and move outside of view\n        el.setAttribute(\"readonly\", \"\");\n        el.style = {\n            position: \"absolute\",\n            left: \"-9999px\"\n        };\n        document.body.appendChild(el);\n        \/\/ Select text inside element\n        el.select();\n        \/\/ Copy text to clipboard\n        document.execCommand(\"copy\");\n        \/\/ Remove temporary element\n        document.body.removeChild(el);\n\n        \/\/ change inner text to done state\n        event.target.innerText = event.target.dataset.done;\n    }\n<\/script>\n    <\/div>\n<\/div>\n<\/div>\n\n\n\n<div class=\"wp-block-column is-layout-flow wp-block-column-is-layout-flow\" style=\"flex-basis:33.33%\"><div id=\"share-block_604624f9025b7\" class=\"acf-block share my-2\">\n    <div class=\"block__content\">\n        <div class=\"font-bold text-dark\">\n            Dela eller skriv ut        <\/div>\n        <div class=\"icons flex space-x-2 mt-1\">\n            <span class=\"link link--primary-icon\" style=\"height: 1.5rem;\">\n                <a class=\"flex items-end justify-center off\" href='https:\/\/www.linkedin.com\/sharing\/share-offsite\/?url=https:\/\/pablrdev.se\/revisionredovisninggotland\/lediga-jobb\/' target='_blank' rel='noreferrer noopener' style=\"width: 1.5rem; height: 1.5rem;\">\n                    <i class=\"fab fa-linkedin\"><\/i>\n                <\/a>\n            <\/span>\n            <span class=\"link link--primary-icon\" style=\"height: 1.5rem;\">\n                <a class=\"flex items-end justify-center off\" href='https:\/\/www.facebook.com\/sharer\/sharer.php?u=https:\/\/pablrdev.se\/revisionredovisninggotland\/lediga-jobb\/' target='_blank' rel='noreferrer noopener' style=\"width: 1.5rem; height: 1.5rem;\">\n                    <i class=\"fab fa-facebook-f\"><\/i>\n                <\/a>\n            <\/span>\n            <span class=\"link link--primary-icon\" style=\"height: 1.5rem;\">\n                <a class=\"flex items-end justify-center\" href='mailto:barbro&#46;hallgren&#64;pablrdev&#46;&#115;&#101;?body=https%3A%2F%2Fpablrdev.se%2Frevisionredovisninggotland%2Flediga-jobb%2F' target='_blank' rel='noreferrer noopener' style=\"width: 1.5rem; height: 1.5rem;\">\n                    <i class=\"fas fa-envelope\"><\/i>\n                <\/a>\n            <\/span>\n            <span class=\"link link--primary-icon\" style=\"height: 1.5rem;\">\n                <a class=\"flex items-end justify-center\" href='javascript:;' onclick=\"window.print();return false;\" target='_blank' rel='noreferrer noopener' style=\"width: 1.5rem; height: 1.5rem;\">\n                    <i class=\"fas fa-print\"><\/i>\n                <\/a>\n            <\/span>\n        <\/div>\n    <\/div>\n<\/div>\n<\/div>\n<\/div>\n","protected":false},"excerpt":{"rendered":"<p>Lediga jobb Vi \u00e4r intresserade av medarbetare som vill arbeta med redovisning, r\u00e5dgivning och revision i sm\u00e5 och medelstora f\u00f6retag. F\u00f6r att arbeta hos oss&#8230;<\/p>\n","protected":false},"author":1,"featured_media":1674,"parent":0,"menu_order":0,"comment_status":"closed","ping_status":"closed","template":"","meta":{"inline_featured_image":false,"footnotes":""},"page-category":[],"class_list":["post-1195","page","type-page","status-publish","has-post-thumbnail","hentry"],"acf":[],"publishpress_future_action":{"enabled":false,"date":"2026-05-20 13:24:58","action":"change-status","newStatus":"draft","terms":[],"taxonomy":"page-category","extraData":[]},"publishpress_future_workflow_manual_trigger":{"enabledWorkflows":[]},"_links":{"self":[{"href":"https:\/\/pablrdev.se\/revisionredovisninggotland\/wp-json\/wp\/v2\/pages\/1195","targetHints":{"allow":["GET"]}}],"collection":[{"href":"https:\/\/pablrdev.se\/revisionredovisninggotland\/wp-json\/wp\/v2\/pages"}],"about":[{"href":"https:\/\/pablrdev.se\/revisionredovisninggotland\/wp-json\/wp\/v2\/types\/page"}],"author":[{"embeddable":true,"href":"https:\/\/pablrdev.se\/revisionredovisninggotland\/wp-json\/wp\/v2\/users\/1"}],"replies":[{"embeddable":true,"href":"https:\/\/pablrdev.se\/revisionredovisninggotland\/wp-json\/wp\/v2\/comments?post=1195"}],"version-history":[{"count":2,"href":"https:\/\/pablrdev.se\/revisionredovisninggotland\/wp-json\/wp\/v2\/pages\/1195\/revisions"}],"predecessor-version":[{"id":1460,"href":"https:\/\/pablrdev.se\/revisionredovisninggotland\/wp-json\/wp\/v2\/pages\/1195\/revisions\/1460"}],"wp:featuredmedia":[{"embeddable":true,"href":"https:\/\/pablrdev.se\/revisionredovisninggotland\/wp-json\/wp\/v2\/media\/1674"}],"wp:attachment":[{"href":"https:\/\/pablrdev.se\/revisionredovisninggotland\/wp-json\/wp\/v2\/media?parent=1195"}],"wp:term":[{"taxonomy":"page-category","embeddable":true,"href":"https:\/\/pablrdev.se\/revisionredovisninggotland\/wp-json\/wp\/v2\/page-category?post=1195"}],"curies":[{"name":"wp","href":"https:\/\/api.w.org\/{rel}","templated":true}]}}