{"id":30,"date":"2021-03-05T16:10:54","date_gmt":"2021-03-05T15:10:54","guid":{"rendered":"https:\/\/pablrdev.se\/revisionredovisninggotland\/?page_id=30"},"modified":"2024-02-07T09:12:42","modified_gmt":"2024-02-07T08:12:42","slug":"kontakt","status":"publish","type":"page","link":"https:\/\/pablrdev.se\/revisionredovisninggotland\/kontakt\/","title":{"rendered":"Kontakt"},"content":{"rendered":"<div id=\"template-posts-block_60b6300903ce8\" class=\"acf-block template-posts\">\n    <div class=\"block__content\">\n        <!-- wp:heading {\"textAlign\":\"center\"} -->\n<h2 class=\"title title--primary has-text-align-center\">Du har alltid n\u00e4ra till r\u00e5den du beh\u00f6ver i Visby<\/h2>\n<!-- \/wp:heading -->    <\/div>\n<\/div>\n\n\n<div id=\"employees-block_604249044ea11\" class=\"acf-block spacing-block employees\">\n    <div class=\"block__content\">\n                <div class=\"space-y-6 sm:space-y-0 item-grid item-grid--secondary\">\n            \n<div class=\"card card--primary card--vertical card--contact hover:shadow-md transition-all duration-500 border-t-8 border-primary max-w-md mx-auto \">\n        <header class=\"card__image card--vertical__image card--contact__image overflow-hidden\">\n        <img loading=\"lazy\" decoding=\"async\" width=\"560\" height=\"420\" src=\"https:\/\/pablrdev.se\/app\/uploads\/sites\/39\/2021\/10\/roger-m-sv-revision-redovisning-gotland-2021-bildvision-8355-560x420.jpg\" class=\"h-full w-full object-contain\" alt=\"\" srcset=\"https:\/\/pablrdev.se\/app\/uploads\/sites\/39\/2021\/10\/roger-m-sv-revision-redovisning-gotland-2021-bildvision-8355-560x420.jpg 560w, https:\/\/pablrdev.se\/app\/uploads\/sites\/39\/2021\/10\/roger-m-sv-revision-redovisning-gotland-2021-bildvision-8355.jpg 667w\" sizes=\"auto, (max-width: 560px) 100vw, 560px\" \/>    <\/header>\n        <div class=\"card__content card--secondary card--vertical__content card--contact__content\">\n        <div class=\"card__body\">\n                            <h2 class=\"card__title title title--primary text-xl my-0\">Roger Mirchandani<\/h2>\n                                            <div class=\"flex flex-col mb-3\">\n                                                    <div class=\"card__work-title font-bold text-sm leading-5\">Auktoriserad revisor<\/div>\n                                            <\/div>\n                                                        <div class=\"phone flex items-start mb-1\">\n                    <i class=\"fas fa-phone-alt mr-4 mt-1\" style=\"width:1.1rem; height: 1.1rem;\"><\/i>\n                                            <div class=\"flex flex-col\">\n                                                            <a class=\"phone link leading-6\" href=\"tel:0768265738\">\n                                    076-826 57 38                                <\/a>\n                                                    <\/div>\n                                    <\/div>\n                                        <div class=\"card__email card--vertical__email card--contact__email flex justify-start items-center mb-1\">\n                    <i class=\"fas fa-envelope mr-4\" style=\"width:1.1rem; height: 1.1rem;\"><\/i>\n                    <a class=\"link link--default link--no-padding\" href=\"mailto:&#x72;&#x6f;&#x67;&#x65;&#114;&#046;mir&#x63;&#x68;&#x61;&#x6e;&#100;&#097;ni&#064;&#x70;&#x61;&#x62;&#x6c;&#114;&#100;&#101;v&#046;&#x73;&#x65;\">\n                        &#x72;&#x6f;&#x67;&#x65;&#114;&#046;mir&#x63;&#x68;&#x61;&#x6e;&#100;&#097;ni&#064;&#x70;&#x61;&#x62;&#x6c;&#114;&#100;&#101;v&#046;&#x73;&#x65;                    <\/a>\n                <\/div>\n                                                        <\/div>\n    <\/div>\n<\/div>\n\n<div class=\"card card--primary card--vertical card--contact hover:shadow-md transition-all duration-500 border-t-8 border-primary max-w-md mx-auto \">\n        <header class=\"card__image card--vertical__image card--contact__image overflow-hidden\">\n        <img loading=\"lazy\" decoding=\"async\" width=\"560\" height=\"420\" src=\"https:\/\/pablrdev.se\/app\/uploads\/sites\/39\/2021\/10\/emma-j-sv-revision-redovisning-gotland-2021-bildvision-0899-560x420.jpg\" class=\"h-full w-full object-contain\" alt=\"\" srcset=\"https:\/\/pablrdev.se\/app\/uploads\/sites\/39\/2021\/10\/emma-j-sv-revision-redovisning-gotland-2021-bildvision-0899-560x420.jpg 560w, https:\/\/pablrdev.se\/app\/uploads\/sites\/39\/2021\/10\/emma-j-sv-revision-redovisning-gotland-2021-bildvision-0899.jpg 667w\" sizes=\"auto, (max-width: 560px) 100vw, 560px\" \/>    <\/header>\n        <div class=\"card__content card--secondary card--vertical__content card--contact__content\">\n        <div class=\"card__body\">\n                            <h2 class=\"card__title title title--primary text-xl my-0\">Emma J\u00e4rl\u00f6<\/h2>\n                                            <div class=\"flex flex-col mb-3\">\n                                                    <div class=\"card__work-title font-bold text-sm leading-5\">Auktoriserad revisor<\/div>\n                                            <\/div>\n                                                        <div class=\"phone flex items-start mb-1\">\n                    <i class=\"fas fa-phone-alt mr-4 mt-1\" style=\"width:1.1rem; height: 1.1rem;\"><\/i>\n                                            <div class=\"flex flex-col\">\n                                                            <a class=\"phone link leading-6\" href=\"tel:0704390301\">\n                                    070-439 03 01                                <\/a>\n                                                    <\/div>\n                                    <\/div>\n                                        <div class=\"card__email card--vertical__email card--contact__email flex justify-start items-center mb-1\">\n                    <i class=\"fas fa-envelope mr-4\" style=\"width:1.1rem; height: 1.1rem;\"><\/i>\n                    <a class=\"link link--default link--no-padding\" href=\"mailto:e&#109;&#109;&#x61;&#x2e;ja&#114;&#108;&#x6f;&#x40;pa&#098;&#108;&#x72;&#x64;ev&#046;&#x73;&#x65;\">\n                        e&#109;&#109;&#x61;&#x2e;ja&#114;&#108;&#x6f;&#x40;pa&#098;&#108;&#x72;&#x64;ev&#046;&#x73;&#x65;                    <\/a>\n                <\/div>\n                                                        <\/div>\n    <\/div>\n<\/div>\n\n<div class=\"card card--primary card--vertical card--contact hover:shadow-md transition-all duration-500 border-t-8 border-primary max-w-md mx-auto \">\n        <header class=\"card__image card--vertical__image card--contact__image overflow-hidden\">\n        <img loading=\"lazy\" decoding=\"async\" width=\"560\" height=\"420\" src=\"https:\/\/pablrdev.se\/app\/uploads\/sites\/39\/2021\/10\/barbroh-sv-revision-redovisning-gotland-2021-bildvision-1026-560x420.jpg\" class=\"h-full w-full object-contain\" alt=\"\" srcset=\"https:\/\/pablrdev.se\/app\/uploads\/sites\/39\/2021\/10\/barbroh-sv-revision-redovisning-gotland-2021-bildvision-1026-560x420.jpg 560w, https:\/\/pablrdev.se\/app\/uploads\/sites\/39\/2021\/10\/barbroh-sv-revision-redovisning-gotland-2021-bildvision-1026.jpg 667w\" sizes=\"auto, (max-width: 560px) 100vw, 560px\" \/>    <\/header>\n        <div class=\"card__content card--secondary card--vertical__content card--contact__content\">\n        <div class=\"card__body\">\n                            <h2 class=\"card__title title title--primary text-xl my-0\">Barbro Hallgren<\/h2>\n                                            <div class=\"flex flex-col mb-3\">\n                                                    <div class=\"card__work-title font-bold text-sm leading-5\">Godk\u00e4nd revisor<\/div>\n                                            <\/div>\n                                                        <div class=\"phone flex items-start mb-1\">\n                    <i class=\"fas fa-phone-alt mr-4 mt-1\" style=\"width:1.1rem; height: 1.1rem;\"><\/i>\n                                            <div class=\"flex flex-col\">\n                                                            <a class=\"phone link leading-6\" href=\"tel:0762397422\">\n                                    076-239 74 22                                <\/a>\n                                                    <\/div>\n                                    <\/div>\n                                        <div class=\"card__email card--vertical__email card--contact__email flex justify-start items-center mb-1\">\n                    <i class=\"fas fa-envelope mr-4\" style=\"width:1.1rem; height: 1.1rem;\"><\/i>\n                    <a class=\"link link--default link--no-padding\" href=\"mailto:&#x62;&#x61;&#x72;&#098;&#114;o&#046;&#x68;&#x61;&#x6c;&#108;&#103;re&#x6e;&#x40;&#x70;&#097;&#098;lr&#x64;&#x65;&#x76;&#046;&#115;e\">\n                        &#x62;&#x61;&#x72;&#098;&#114;o&#046;&#x68;&#x61;&#x6c;&#108;&#103;re&#x6e;&#x40;&#x70;&#097;&#098;lr&#x64;&#x65;&#x76;&#046;&#115;e                    <\/a>\n                <\/div>\n                                                        <\/div>\n    <\/div>\n<\/div>\n\n<div class=\"card card--primary card--vertical card--contact hover:shadow-md transition-all duration-500 border-t-8 border-primary max-w-md mx-auto \">\n        <header class=\"card__image card--vertical__image card--contact__image overflow-hidden\">\n        <img loading=\"lazy\" decoding=\"async\" width=\"560\" height=\"420\" src=\"https:\/\/pablrdev.se\/app\/uploads\/sites\/39\/2023\/09\/marina-e-hemsides-org-0193-gn-560x420.jpg\" class=\"h-full w-full object-contain\" alt=\"\" srcset=\"https:\/\/pablrdev.se\/app\/uploads\/sites\/39\/2023\/09\/marina-e-hemsides-org-0193-gn-560x420.jpg 560w, https:\/\/pablrdev.se\/app\/uploads\/sites\/39\/2023\/09\/marina-e-hemsides-org-0193-gn-768x576.jpg 768w, https:\/\/pablrdev.se\/app\/uploads\/sites\/39\/2023\/09\/marina-e-hemsides-org-0193-gn.jpg 1000w\" sizes=\"auto, (max-width: 560px) 100vw, 560px\" \/>    <\/header>\n        <div class=\"card__content card--secondary card--vertical__content card--contact__content\">\n        <div class=\"card__body\">\n                            <h2 class=\"card__title title title--primary text-xl my-0\">Marina Engstr\u00f6m<\/h2>\n                                            <div class=\"flex flex-col mb-3\">\n                                                    <div class=\"card__work-title font-bold text-sm leading-5\">Redovisningskonsult<\/div>\n                                            <\/div>\n                                                        <div class=\"phone flex items-start mb-1\">\n                    <i class=\"fas fa-phone-alt mr-4 mt-1\" style=\"width:1.1rem; height: 1.1rem;\"><\/i>\n                                            <div class=\"flex flex-col\">\n                                                            <a class=\"phone link leading-6\" href=\"tel:0725027776\">\n                                    072-502 77 76                                <\/a>\n                                                    <\/div>\n                                    <\/div>\n                                        <div class=\"card__email card--vertical__email card--contact__email flex justify-start items-center mb-1\">\n                    <i class=\"fas fa-envelope mr-4\" style=\"width:1.1rem; height: 1.1rem;\"><\/i>\n                    <a class=\"link link--default link--no-padding\" href=\"mailto:&#x6d;&#x61;&#114;&#105;&#110;a&#x2e;&#x65;&#x6e;&#103;&#115;tr&#x6f;&#x6d;&#x40;&#112;&#097;b&#x6c;&#x72;&#x64;&#101;&#118;&#046;s&#x65;\">\n                        &#x6d;&#x61;&#114;&#105;&#110;a&#x2e;&#x65;&#x6e;&#103;&#115;tr&#x6f;&#x6d;&#x40;&#112;&#097;b&#x6c;&#x72;&#x64;&#101;&#118;&#046;s&#x65;                    <\/a>\n                <\/div>\n                                                        <\/div>\n    <\/div>\n<\/div>\n\n<div class=\"card card--primary card--vertical card--contact hover:shadow-md transition-all duration-500 border-t-8 border-primary max-w-md mx-auto \">\n        <header class=\"card__image card--vertical__image card--contact__image overflow-hidden\">\n        <img loading=\"lazy\" decoding=\"async\" width=\"560\" height=\"420\" src=\"https:\/\/pablrdev.se\/app\/uploads\/sites\/39\/2021\/10\/nilsake-sv-revision-redovisning-gotland-2021-bildvision-1238-560x420.jpg\" class=\"h-full w-full object-contain\" alt=\"\" srcset=\"https:\/\/pablrdev.se\/app\/uploads\/sites\/39\/2021\/10\/nilsake-sv-revision-redovisning-gotland-2021-bildvision-1238-560x420.jpg 560w, https:\/\/pablrdev.se\/app\/uploads\/sites\/39\/2021\/10\/nilsake-sv-revision-redovisning-gotland-2021-bildvision-1238.jpg 667w\" sizes=\"auto, (max-width: 560px) 100vw, 560px\" \/>    <\/header>\n        <div class=\"card__content card--secondary card--vertical__content card--contact__content\">\n        <div class=\"card__body\">\n                            <h2 class=\"card__title title title--primary text-xl my-0\">Nils-\u00c5ke Axelsson<\/h2>\n                                            <div class=\"flex flex-col mb-3\">\n                                                    <div class=\"card__work-title font-bold text-sm leading-5\">Ekonom<\/div>\n                                            <\/div>\n                                                        <div class=\"phone flex items-start mb-1\">\n                    <i class=\"fas fa-phone-alt mr-4 mt-1\" style=\"width:1.1rem; height: 1.1rem;\"><\/i>\n                                            <div class=\"flex flex-col\">\n                                                            <a class=\"phone link leading-6\" href=\"tel:0727428228\">\n                                    072-7428228                                <\/a>\n                                                    <\/div>\n                                    <\/div>\n                                        <div class=\"card__email card--vertical__email card--contact__email flex justify-start items-center mb-1\">\n                    <i class=\"fas fa-envelope mr-4\" style=\"width:1.1rem; height: 1.1rem;\"><\/i>\n                    <a class=\"link link--default link--no-padding\" href=\"mailto:&#x6e;&#105;l&#x73;&#045;a&#x6b;&#x65;&#046;&#x61;&#x78;&#101;l&#x73;&#115;o&#x6e;&#x40;&#112;&#x61;&#x62;&#108;r&#x64;&#101;v&#x2e;&#x73;&#101;\">\n                        &#x6e;&#105;l&#x73;&#045;a&#x6b;&#x65;&#046;&#x61;&#x78;&#101;l&#x73;&#115;o&#x6e;&#x40;&#112;&#x61;&#x62;&#108;r&#x64;&#101;v&#x2e;&#x73;&#101;                    <\/a>\n                <\/div>\n                                                        <\/div>\n    <\/div>\n<\/div>\n\n<div class=\"card card--primary card--vertical card--contact hover:shadow-md transition-all duration-500 border-t-8 border-primary max-w-md mx-auto \">\n        <header class=\"card__image card--vertical__image card--contact__image overflow-hidden\">\n        <img loading=\"lazy\" decoding=\"async\" width=\"560\" height=\"420\" src=\"https:\/\/pablrdev.se\/app\/uploads\/sites\/39\/2021\/10\/ulla-w-sv-revision-redovisning-gotland-2021-bildvision-9623-560x420.jpg\" class=\"h-full w-full object-contain\" alt=\"\" srcset=\"https:\/\/pablrdev.se\/app\/uploads\/sites\/39\/2021\/10\/ulla-w-sv-revision-redovisning-gotland-2021-bildvision-9623-560x420.jpg 560w, https:\/\/pablrdev.se\/app\/uploads\/sites\/39\/2021\/10\/ulla-w-sv-revision-redovisning-gotland-2021-bildvision-9623.jpg 667w\" sizes=\"auto, (max-width: 560px) 100vw, 560px\" \/>    <\/header>\n        <div class=\"card__content card--secondary card--vertical__content card--contact__content\">\n        <div class=\"card__body\">\n                            <h2 class=\"card__title title title--primary text-xl my-0\">Ulla Wessman<\/h2>\n                                            <div class=\"flex flex-col mb-3\">\n                                                    <div class=\"card__work-title font-bold text-sm leading-5\">Redovisningskonsult<\/div>\n                                            <\/div>\n                                                        <div class=\"phone flex items-start mb-1\">\n                    <i class=\"fas fa-phone-alt mr-4 mt-1\" style=\"width:1.1rem; height: 1.1rem;\"><\/i>\n                                            <div class=\"flex flex-col\">\n                                                            <a class=\"phone link leading-6\" href=\"tel:0707305210\">\n                                    070-730 52 10                                <\/a>\n                                                    <\/div>\n                                    <\/div>\n                                        <div class=\"card__email card--vertical__email card--contact__email flex justify-start items-center mb-1\">\n                    <i class=\"fas fa-envelope mr-4\" style=\"width:1.1rem; height: 1.1rem;\"><\/i>\n                    <a class=\"link link--default link--no-padding\" href=\"mailto:&#117;&#x6c;&#x6c;a&#046;&#x77;e&#115;&#x73;&#x6d;&#097;&#x6e;&#x40;p&#097;&#x62;l&#114;&#x64;&#x65;&#118;&#x2e;&#x73;e\">\n                        &#117;&#x6c;&#x6c;a&#046;&#x77;e&#115;&#x73;&#x6d;&#097;&#x6e;&#x40;p&#097;&#x62;l&#114;&#x64;&#x65;&#118;&#x2e;&#x73;e                    <\/a>\n                <\/div>\n                                                        <\/div>\n    <\/div>\n<\/div>\n\n<div class=\"card card--primary card--vertical card--contact hover:shadow-md transition-all duration-500 border-t-8 border-primary max-w-md mx-auto \">\n        <header class=\"card__image card--vertical__image card--contact__image overflow-hidden\">\n                    <div class=\"placeholder\"><\/div>\n            <\/header>\n        <div class=\"card__content card--secondary card--vertical__content card--contact__content\">\n        <div class=\"card__body\">\n                            <h2 class=\"card__title title title--primary text-xl my-0\">Hanna Strandberg<\/h2>\n                                            <div class=\"flex flex-col mb-3\">\n                                                    <div class=\"card__work-title font-bold text-sm leading-5\">Revisorsassistent<\/div>\n                                            <\/div>\n                                                        <div class=\"phone flex items-start mb-1\">\n                    <i class=\"fas fa-phone-alt mr-4 mt-1\" style=\"width:1.1rem; height: 1.1rem;\"><\/i>\n                                            <div class=\"flex flex-col\">\n                                                            <a class=\"phone link leading-6\" href=\"tel:0707831933\">\n                                    070-783 19 33                                <\/a>\n                                                    <\/div>\n                                    <\/div>\n                                        <div class=\"card__email card--vertical__email card--contact__email flex justify-start items-center mb-1\">\n                    <i class=\"fas fa-envelope mr-4\" style=\"width:1.1rem; height: 1.1rem;\"><\/i>\n                    <a class=\"link link--default link--no-padding\" href=\"mailto:&#104;&#x61;n&#110;&#x61;&#046;&#x73;&#x74;&#114;&#x61;n&#100;&#x62;e&#114;&#x67;&#064;&#x70;a&#098;&#x6c;r&#100;&#x65;&#118;&#x2e;&#x73;&#101;\">\n                        &#104;&#x61;n&#110;&#x61;&#046;&#x73;&#x74;&#114;&#x61;n&#100;&#x62;e&#114;&#x67;&#064;&#x70;a&#098;&#x6c;r&#100;&#x65;&#118;&#x2e;&#x73;&#101;                    <\/a>\n                <\/div>\n                                                        <\/div>\n    <\/div>\n<\/div>\n        <\/div>\n    <\/div>\n<\/div>\n\n\n<div id=\"map-block_6045d1e31abd8\" class=\"acf-block spacing-block map end-equalizer\">\n    <div class=\"block__content margin-fix\">\n                    <div class=\"typography text-max-width text-center mb-8\">\n                <h2 style=\"text-align: center\" class=\"title title--primary\">Hitta hit<\/h2>\n            <\/div>\n                <div class=\"members-map relative\">\n            <div class=\"members-map__map google-map\">\n                <div\n    class=\"marker\"\n    data-lat=\"57.6284509\"\n    data-lng=\"18.286216\"\n>\n    <div class=\"marker__body\">\n        <h3 class=\"marker__title title title--primary title--hyphenate mt-0\">\n            Revision och Redovisning p\u00e5 Gotland        <\/h3>\n        <div class=\"marker__content text-sm font-light\">\n                    <\/div>\n        <p class=\"address\">\n            Tallundsgatan, Visby, Sverige        <\/p>\n    <\/div>\n<\/div>\n            <\/div>\n        <\/div>\n    <\/div>\n<\/div>\n\n\n\n<p><\/p>\n","protected":false},"excerpt":{"rendered":"","protected":false},"author":1,"featured_media":0,"parent":0,"menu_order":0,"comment_status":"closed","ping_status":"closed","template":"","meta":{"inline_featured_image":false,"footnotes":""},"page-category":[],"class_list":["post-30","page","type-page","status-publish","hentry"],"acf":[],"publishpress_future_action":{"enabled":false,"date":"2026-05-20 13:00:15","action":"change-status","newStatus":"draft","terms":[],"taxonomy":"page-category","extraData":[]},"publishpress_future_workflow_manual_trigger":{"enabledWorkflows":[]},"_links":{"self":[{"href":"https:\/\/pablrdev.se\/revisionredovisninggotland\/wp-json\/wp\/v2\/pages\/30","targetHints":{"allow":["GET"]}}],"collection":[{"href":"https:\/\/pablrdev.se\/revisionredovisninggotland\/wp-json\/wp\/v2\/pages"}],"about":[{"href":"https:\/\/pablrdev.se\/revisionredovisninggotland\/wp-json\/wp\/v2\/types\/page"}],"author":[{"embeddable":true,"href":"https:\/\/pablrdev.se\/revisionredovisninggotland\/wp-json\/wp\/v2\/users\/1"}],"replies":[{"embeddable":true,"href":"https:\/\/pablrdev.se\/revisionredovisninggotland\/wp-json\/wp\/v2\/comments?post=30"}],"version-history":[{"count":2,"href":"https:\/\/pablrdev.se\/revisionredovisninggotland\/wp-json\/wp\/v2\/pages\/30\/revisions"}],"predecessor-version":[{"id":1724,"href":"https:\/\/pablrdev.se\/revisionredovisninggotland\/wp-json\/wp\/v2\/pages\/30\/revisions\/1724"}],"wp:attachment":[{"href":"https:\/\/pablrdev.se\/revisionredovisninggotland\/wp-json\/wp\/v2\/media?parent=30"}],"wp:term":[{"taxonomy":"page-category","embeddable":true,"href":"https:\/\/pablrdev.se\/revisionredovisninggotland\/wp-json\/wp\/v2\/page-category?post=30"}],"curies":[{"name":"wp","href":"https:\/\/api.w.org\/{rel}","templated":true}]}}